{"id":8311,"date":"2025-04-06T00:28:51","date_gmt":"2025-04-05T21:28:51","guid":{"rendered":"https:\/\/petityu.com\/?post_type=product&#038;p=8311"},"modified":"2026-04-07T23:23:36","modified_gmt":"2026-04-07T20:23:36","slug":"petityu-my-melody-cinnamoroll-pembe-beyaz-cizgili-firfirli-mayo","status":"publish","type":"product","link":"https:\/\/petityu.com\/en\/petityu-my-melody-cinnamoroll-pembe-beyaz-cizgili-firfirli-mayo\/","title":{"rendered":"Petityu My Melody Cinnamoroll Pembe Beyaz \u00c7izgili F\u0131rf\u0131rl\u0131 Mayo"},"content":{"rendered":"<p><p>My melody Cinnamoroll<\/p><p>Pembe beyaz<\/p><p>\u00c7izgili f\u0131f\u0131rl\u0131 mayo<\/p><\/p>","protected":false},"excerpt":{"rendered":"<p>My melody CinnamorollPembe beyaz\u00c7izgili f\u0131f\u0131rl\u0131 mayo<\/p>","protected":false},"featured_media":8310,"template":"","meta":[],"product_brand":[],"product_cat":[974],"product_tag":[],"class_list":{"0":"post-8311","1":"product","2":"type-product","3":"status-publish","4":"has-post-thumbnail","6":"product_cat-mayo","8":"first","9":"instock","10":"taxable","11":"shipping-taxable","12":"purchasable","13":"product-type-variable"},"_links":{"self":[{"href":"https:\/\/petityu.com\/en\/wp-json\/wp\/v2\/product\/8311","targetHints":{"allow":["GET"]}}],"collection":[{"href":"https:\/\/petityu.com\/en\/wp-json\/wp\/v2\/product"}],"about":[{"href":"https:\/\/petityu.com\/en\/wp-json\/wp\/v2\/types\/product"}],"wp:featuredmedia":[{"embeddable":true,"href":"https:\/\/petityu.com\/en\/wp-json\/wp\/v2\/media\/8310"}],"wp:attachment":[{"href":"https:\/\/petityu.com\/en\/wp-json\/wp\/v2\/media?parent=8311"}],"wp:term":[{"taxonomy":"product_brand","embeddable":true,"href":"https:\/\/petityu.com\/en\/wp-json\/wp\/v2\/product_brand?post=8311"},{"taxonomy":"product_cat","embeddable":true,"href":"https:\/\/petityu.com\/en\/wp-json\/wp\/v2\/product_cat?post=8311"},{"taxonomy":"product_tag","embeddable":true,"href":"https:\/\/petityu.com\/en\/wp-json\/wp\/v2\/product_tag?post=8311"}],"curies":[{"name":"wp","href":"https:\/\/api.w.org\/{rel}","templated":true}]}}