{"id":8316,"date":"2025-04-06T00:49:30","date_gmt":"2025-04-05T21:49:30","guid":{"rendered":"https:\/\/petityu.com\/petityu-cinnamoroll-buz-mavisi-ustu-papatya-desenli-my-melody-kiz-cocuk-mayo\/"},"modified":"2026-04-04T19:06:18","modified_gmt":"2026-04-04T16:06:18","slug":"petityu-cinnamoroll-buz-mavisi-ustu-papatya-desenli-my-melody-kiz-cocuk-mayo","status":"publish","type":"product","link":"https:\/\/petityu.com\/en\/petityu-cinnamoroll-buz-mavisi-ustu-papatya-desenli-my-melody-kiz-cocuk-mayo\/","title":{"rendered":"Petityu Cinnamoroll Buz Mavisi \u00dcst\u00fc Papatya Desenli My Melody K\u0131z \u00c7ocuk Mayo"},"content":{"rendered":"<p><p>My melody cinnamoroll<\/p><br \/>\n<p>Buz mavisi \u00fcst\u00fc papatya desenli<\/p><br \/>\n<p>K\u0131z \u00e7ocuk mayo<\/p><\/p>","protected":false},"excerpt":{"rendered":"<p>My melody cinnamoroll Buz mavisi \u00fcst\u00fc papatya desenli K\u0131z \u00e7ocuk mayo<\/p>","protected":false},"featured_media":8315,"template":"","meta":[],"product_brand":[],"product_cat":[974],"product_tag":[],"class_list":{"0":"post-8316","1":"product","2":"type-product","3":"status-publish","4":"has-post-thumbnail","6":"product_cat-mayo","8":"first","9":"outofstock","10":"taxable","11":"shipping-taxable","12":"purchasable","13":"product-type-variable"},"_links":{"self":[{"href":"https:\/\/petityu.com\/en\/wp-json\/wp\/v2\/product\/8316","targetHints":{"allow":["GET"]}}],"collection":[{"href":"https:\/\/petityu.com\/en\/wp-json\/wp\/v2\/product"}],"about":[{"href":"https:\/\/petityu.com\/en\/wp-json\/wp\/v2\/types\/product"}],"wp:featuredmedia":[{"embeddable":true,"href":"https:\/\/petityu.com\/en\/wp-json\/wp\/v2\/media\/8315"}],"wp:attachment":[{"href":"https:\/\/petityu.com\/en\/wp-json\/wp\/v2\/media?parent=8316"}],"wp:term":[{"taxonomy":"product_brand","embeddable":true,"href":"https:\/\/petityu.com\/en\/wp-json\/wp\/v2\/product_brand?post=8316"},{"taxonomy":"product_cat","embeddable":true,"href":"https:\/\/petityu.com\/en\/wp-json\/wp\/v2\/product_cat?post=8316"},{"taxonomy":"product_tag","embeddable":true,"href":"https:\/\/petityu.com\/en\/wp-json\/wp\/v2\/product_tag?post=8316"}],"curies":[{"name":"wp","href":"https:\/\/api.w.org\/{rel}","templated":true}]}}