{"id":8351,"date":"2025-04-06T23:00:07","date_gmt":"2025-04-06T20:00:07","guid":{"rendered":"https:\/\/petityu.com\/?post_type=product&#038;p=8351"},"modified":"2026-04-10T01:15:06","modified_gmt":"2026-04-09T22:15:06","slug":"petityu-kuromi-sirin-mor-tulum-kiz-cocuk-gunes-korumali-mayo","status":"publish","type":"product","link":"https:\/\/petityu.com\/en\/petityu-kuromi-sirin-mor-tulum-kiz-cocuk-gunes-korumali-mayo\/","title":{"rendered":"Petityu Kuromi \u015eirin Mor Tulum K\u0131z \u00c7ocuk G\u00fcne\u015f Korumal\u0131 Mayo"},"content":{"rendered":"<p><p>G\u00fcne\u015f korumal\u0131<\/p><p>Kuromi<\/p><p>\u015eirin<\/p><p>Mor renk<\/p><p>K\u0131z \u00e7ocuk tulum mayo<\/p><\/p>","protected":false},"excerpt":{"rendered":"<p>G\u00fcne\u015f korumal\u0131Kuromi\u015eirinMor renkK\u0131z \u00e7ocuk tulum mayo<\/p>","protected":false},"featured_media":8350,"template":"","meta":[],"product_brand":[],"product_cat":[974],"product_tag":[],"class_list":{"0":"post-8351","1":"product","2":"type-product","3":"status-publish","4":"has-post-thumbnail","6":"product_cat-mayo","8":"first","9":"instock","10":"taxable","11":"shipping-taxable","12":"purchasable","13":"product-type-variable"},"_links":{"self":[{"href":"https:\/\/petityu.com\/en\/wp-json\/wp\/v2\/product\/8351","targetHints":{"allow":["GET"]}}],"collection":[{"href":"https:\/\/petityu.com\/en\/wp-json\/wp\/v2\/product"}],"about":[{"href":"https:\/\/petityu.com\/en\/wp-json\/wp\/v2\/types\/product"}],"wp:featuredmedia":[{"embeddable":true,"href":"https:\/\/petityu.com\/en\/wp-json\/wp\/v2\/media\/8350"}],"wp:attachment":[{"href":"https:\/\/petityu.com\/en\/wp-json\/wp\/v2\/media?parent=8351"}],"wp:term":[{"taxonomy":"product_brand","embeddable":true,"href":"https:\/\/petityu.com\/en\/wp-json\/wp\/v2\/product_brand?post=8351"},{"taxonomy":"product_cat","embeddable":true,"href":"https:\/\/petityu.com\/en\/wp-json\/wp\/v2\/product_cat?post=8351"},{"taxonomy":"product_tag","embeddable":true,"href":"https:\/\/petityu.com\/en\/wp-json\/wp\/v2\/product_tag?post=8351"}],"curies":[{"name":"wp","href":"https:\/\/api.w.org\/{rel}","templated":true}]}}