{"id":8368,"date":"2025-04-06T23:32:16","date_gmt":"2025-04-06T20:32:16","guid":{"rendered":"https:\/\/petityu.com\/?post_type=product&#038;p=8368"},"modified":"2026-03-30T13:37:25","modified_gmt":"2026-03-30T10:37:25","slug":"petityu-kuromi-yildizli-kirazli-mor-kiz-cocuk-mayo","status":"publish","type":"product","link":"https:\/\/petityu.com\/en\/petityu-kuromi-yildizli-kirazli-mor-kiz-cocuk-mayo\/","title":{"rendered":"Petityu Kuromi Y\u0131ld\u0131zl\u0131 Kirazl\u0131 Mor K\u0131z \u00c7ocuk Mayo"},"content":{"rendered":"<p><p>Kuromi<\/p><br \/>\n<p>Y\u0131ld\u0131zl\u0131 kirazl\u0131 <\/p><br \/>\n<p>Mor renk<\/p><br \/>\n<p>K\u0131z \u00e7ocuk mayo<\/p><\/p>","protected":false},"excerpt":{"rendered":"<p>Kuromi Y\u0131ld\u0131zl\u0131 kirazl\u0131 Mor renk K\u0131z \u00e7ocuk mayo<\/p>","protected":false},"featured_media":8367,"template":"","meta":[],"product_brand":[],"product_cat":[974],"product_tag":[],"class_list":{"0":"post-8368","1":"product","2":"type-product","3":"status-publish","4":"has-post-thumbnail","6":"product_cat-mayo","8":"first","9":"instock","10":"taxable","11":"shipping-taxable","12":"purchasable","13":"product-type-variable"},"_links":{"self":[{"href":"https:\/\/petityu.com\/en\/wp-json\/wp\/v2\/product\/8368","targetHints":{"allow":["GET"]}}],"collection":[{"href":"https:\/\/petityu.com\/en\/wp-json\/wp\/v2\/product"}],"about":[{"href":"https:\/\/petityu.com\/en\/wp-json\/wp\/v2\/types\/product"}],"wp:featuredmedia":[{"embeddable":true,"href":"https:\/\/petityu.com\/en\/wp-json\/wp\/v2\/media\/8367"}],"wp:attachment":[{"href":"https:\/\/petityu.com\/en\/wp-json\/wp\/v2\/media?parent=8368"}],"wp:term":[{"taxonomy":"product_brand","embeddable":true,"href":"https:\/\/petityu.com\/en\/wp-json\/wp\/v2\/product_brand?post=8368"},{"taxonomy":"product_cat","embeddable":true,"href":"https:\/\/petityu.com\/en\/wp-json\/wp\/v2\/product_cat?post=8368"},{"taxonomy":"product_tag","embeddable":true,"href":"https:\/\/petityu.com\/en\/wp-json\/wp\/v2\/product_tag?post=8368"}],"curies":[{"name":"wp","href":"https:\/\/api.w.org\/{rel}","templated":true}]}}