{"id":8380,"date":"2025-04-07T15:56:22","date_gmt":"2025-04-07T12:56:22","guid":{"rendered":"https:\/\/petityu.com\/?post_type=product&#038;p=8380"},"modified":"2025-08-26T12:10:11","modified_gmt":"2025-08-26T09:10:11","slug":"petityu-alti-citcitli-firfirli-sirin-dondurma-desenli-kiz-bebek-mayo","status":"publish","type":"product","link":"https:\/\/petityu.com\/en\/petityu-alti-citcitli-firfirli-sirin-dondurma-desenli-kiz-bebek-mayo\/","title":{"rendered":"Petityu Alt\u0131 \u00c7\u0131t\u00e7\u0131tl\u0131 F\u0131rf\u0131rl\u0131 \u015eirin Dondurma Desenli K\u0131z Bebek Mayo"},"content":{"rendered":"<p><p>Alt\u0131 \u00c7\u0131t\u00e7\u0131tl\u0131 f\u0131rf\u0131rl\u0131 dondurma desenli<\/p><br \/>\n<p>\u015eirin<\/p><br \/>\n<p>K\u0131z bebek mayo<\/p><\/p>","protected":false},"excerpt":{"rendered":"<p>Alt\u0131 \u00c7\u0131t\u00e7\u0131tl\u0131 f\u0131rf\u0131rl\u0131 dondurma desenli \u015eirin K\u0131z bebek mayo<\/p>","protected":false},"featured_media":8378,"template":"","meta":[],"product_brand":[],"product_cat":[974],"product_tag":[],"class_list":{"0":"post-8380","1":"product","2":"type-product","3":"status-publish","4":"has-post-thumbnail","6":"product_cat-mayo","8":"first","9":"outofstock","10":"taxable","11":"shipping-taxable","12":"purchasable","13":"product-type-variable"},"_links":{"self":[{"href":"https:\/\/petityu.com\/en\/wp-json\/wp\/v2\/product\/8380","targetHints":{"allow":["GET"]}}],"collection":[{"href":"https:\/\/petityu.com\/en\/wp-json\/wp\/v2\/product"}],"about":[{"href":"https:\/\/petityu.com\/en\/wp-json\/wp\/v2\/types\/product"}],"wp:featuredmedia":[{"embeddable":true,"href":"https:\/\/petityu.com\/en\/wp-json\/wp\/v2\/media\/8378"}],"wp:attachment":[{"href":"https:\/\/petityu.com\/en\/wp-json\/wp\/v2\/media?parent=8380"}],"wp:term":[{"taxonomy":"product_brand","embeddable":true,"href":"https:\/\/petityu.com\/en\/wp-json\/wp\/v2\/product_brand?post=8380"},{"taxonomy":"product_cat","embeddable":true,"href":"https:\/\/petityu.com\/en\/wp-json\/wp\/v2\/product_cat?post=8380"},{"taxonomy":"product_tag","embeddable":true,"href":"https:\/\/petityu.com\/en\/wp-json\/wp\/v2\/product_tag?post=8380"}],"curies":[{"name":"wp","href":"https:\/\/api.w.org\/{rel}","templated":true}]}}