{"id":8411,"date":"2025-04-10T16:15:46","date_gmt":"2025-04-10T13:15:46","guid":{"rendered":"https:\/\/petityu.com\/?post_type=product&#038;p=8411"},"modified":"2026-03-10T15:12:04","modified_gmt":"2026-03-10T12:12:04","slug":"petityu-upf50-gunes-korumali-laci-uzun-kollu-kopekbaligi-desenli-3lu-mayo-set-sapka-t-shirt-sort","status":"publish","type":"product","link":"https:\/\/petityu.com\/en\/petityu-upf50-gunes-korumali-laci-uzun-kollu-kopekbaligi-desenli-3lu-mayo-set-sapka-t-shirt-sort\/","title":{"rendered":"Petityu UPF50+ G\u00fcne\u015f Korumal\u0131 Laci Uzun Kollu K\u00f6pekbal\u0131\u011f\u0131 Desenli 3&#8217;l\u00fc Mayo Set \u015eapka T-shirt \u015eort"},"content":{"rendered":"<p><p>UPF50+ g\u00fcne\u015f korumal\u0131<\/p><br \/>\n<p>Uzun kollu<\/p><br \/>\n<p>K\u00f6pekbal\u0131\u011f\u0131 desenli<\/p><br \/>\n<p>Lacivert mavi renk<\/p><br \/>\n<p>3&#8217;l\u00fc mayo set \u015fapka t-shirt \u015fort<\/p><\/p>","protected":false},"excerpt":{"rendered":"<p>UPF50+ g\u00fcne\u015f korumal\u0131 Uzun kollu K\u00f6pekbal\u0131\u011f\u0131 desenli Lacivert mavi renk 3&#8217;l\u00fc mayo set \u015fapka t-shirt \u015fort<\/p>","protected":false},"featured_media":8410,"template":"","meta":[],"product_brand":[],"product_cat":[987],"product_tag":[],"class_list":{"0":"post-8411","1":"product","2":"type-product","3":"status-publish","4":"has-post-thumbnail","6":"product_cat-mayo-erkekcocuk","8":"first","9":"instock","10":"taxable","11":"shipping-taxable","12":"purchasable","13":"product-type-variable"},"_links":{"self":[{"href":"https:\/\/petityu.com\/en\/wp-json\/wp\/v2\/product\/8411","targetHints":{"allow":["GET"]}}],"collection":[{"href":"https:\/\/petityu.com\/en\/wp-json\/wp\/v2\/product"}],"about":[{"href":"https:\/\/petityu.com\/en\/wp-json\/wp\/v2\/types\/product"}],"wp:featuredmedia":[{"embeddable":true,"href":"https:\/\/petityu.com\/en\/wp-json\/wp\/v2\/media\/8410"}],"wp:attachment":[{"href":"https:\/\/petityu.com\/en\/wp-json\/wp\/v2\/media?parent=8411"}],"wp:term":[{"taxonomy":"product_brand","embeddable":true,"href":"https:\/\/petityu.com\/en\/wp-json\/wp\/v2\/product_brand?post=8411"},{"taxonomy":"product_cat","embeddable":true,"href":"https:\/\/petityu.com\/en\/wp-json\/wp\/v2\/product_cat?post=8411"},{"taxonomy":"product_tag","embeddable":true,"href":"https:\/\/petityu.com\/en\/wp-json\/wp\/v2\/product_tag?post=8411"}],"curies":[{"name":"wp","href":"https:\/\/api.w.org\/{rel}","templated":true}]}}