{"id":8437,"date":"2025-05-08T14:45:44","date_gmt":"2025-05-08T11:45:44","guid":{"rendered":"https:\/\/petityu.com\/?post_type=product&#038;p=8437"},"modified":"2025-09-25T13:25:58","modified_gmt":"2025-09-25T10:25:58","slug":"cocuk-ressam-yunlu-bere-sari","status":"publish","type":"product","link":"https:\/\/petityu.com\/en\/cocuk-ressam-yunlu-bere-sari\/","title":{"rendered":"\u00c7ocuk Ressam Y\u00fcnl\u00fc Bere Sar\u0131"},"content":{"rendered":"<p>Esnek yap\u0131s\u0131 sayesinde \u00e7ocu\u011funuzun kafas\u0131na tam oturur ve kayma yapmaz.; Renkli tasar\u0131mlar\u0131yla \u00e7ocuklar\u0131n ilgisini \u00e7eker ve onlara e\u011flenceli bir giyim deneyimi sunar.; K\u0131\u015f aylar\u0131 i\u00e7in idealdir; so\u011fuk havalarda \u00e7ocu\u011funuzun y\u00fcz\u00fcn\u00fc korurken \u015f\u0131k g\u00f6r\u00fcnmesini sa\u011flar.; \u00c7ocuklar\u0131n hareket \u00f6zg\u00fcrl\u00fc\u011f\u00fcn\u00fc k\u0131s\u0131tlamaz, rahat\u00e7a oyun oynayabilirler.; Kolay temizlenebilir yap\u0131s\u0131 sayesinde pratik kullan\u0131m sunar ve s\u0131k y\u0131kama gerekti\u011finde kolayca temizlenir.;<\/p>","protected":false},"excerpt":{"rendered":"<p>Esnek yap\u0131s\u0131 sayesinde \u00e7ocu\u011funuzun kafas\u0131na tam oturur ve kayma yapmaz.; Renkli tasar\u0131mlar\u0131yla \u00e7ocuklar\u0131n ilgisini \u00e7eker ve onlara e\u011flenceli bir giyim deneyimi sunar.; K\u0131\u015f aylar\u0131 i\u00e7in&hellip;<\/p>","protected":false},"featured_media":8436,"template":"","meta":[],"product_brand":[],"product_cat":[981],"product_tag":[],"class_list":{"0":"post-8437","1":"product","2":"type-product","3":"status-publish","4":"has-post-thumbnail","6":"product_cat-bere-atki-eldiven","8":"first","9":"outofstock","10":"taxable","11":"shipping-taxable","12":"purchasable","13":"product-type-simple"},"_links":{"self":[{"href":"https:\/\/petityu.com\/en\/wp-json\/wp\/v2\/product\/8437","targetHints":{"allow":["GET"]}}],"collection":[{"href":"https:\/\/petityu.com\/en\/wp-json\/wp\/v2\/product"}],"about":[{"href":"https:\/\/petityu.com\/en\/wp-json\/wp\/v2\/types\/product"}],"wp:featuredmedia":[{"embeddable":true,"href":"https:\/\/petityu.com\/en\/wp-json\/wp\/v2\/media\/8436"}],"wp:attachment":[{"href":"https:\/\/petityu.com\/en\/wp-json\/wp\/v2\/media?parent=8437"}],"wp:term":[{"taxonomy":"product_brand","embeddable":true,"href":"https:\/\/petityu.com\/en\/wp-json\/wp\/v2\/product_brand?post=8437"},{"taxonomy":"product_cat","embeddable":true,"href":"https:\/\/petityu.com\/en\/wp-json\/wp\/v2\/product_cat?post=8437"},{"taxonomy":"product_tag","embeddable":true,"href":"https:\/\/petityu.com\/en\/wp-json\/wp\/v2\/product_tag?post=8437"}],"curies":[{"name":"wp","href":"https:\/\/api.w.org\/{rel}","templated":true}]}}