{"id":8449,"date":"2025-05-14T20:58:06","date_gmt":"2025-05-14T17:58:06","guid":{"rendered":"https:\/\/petityu.com\/?post_type=product&#038;p=8449"},"modified":"2026-03-10T15:10:48","modified_gmt":"2026-03-10T12:10:48","slug":"petityu-upf50-sapkali-gunes-korumali-uzun-kollu-kiz-cocuk-pembe-mayo-sapka-set","status":"publish","type":"product","link":"https:\/\/petityu.com\/en\/petityu-upf50-sapkali-gunes-korumali-uzun-kollu-kiz-cocuk-pembe-mayo-sapka-set\/","title":{"rendered":"Petityu UPF50+ \u015eapkal\u0131 G\u00fcne\u015f Korumal\u0131 Uzun Kollu  K\u0131z \u00c7ocuk Pembe Mayo \u015eapka Set"},"content":{"rendered":"<p><p>UPF50+ G\u00fcne\u015f Korumal\u0131<\/p><br \/>\n<p>S\u0131rt Fermuarl\u0131<\/p><br \/>\n<p>\u015eapkal\u0131<\/p><br \/>\n<p>\u00c7i\u00e7ek desenli<\/p><br \/>\n<p>K\u0131z \u00c7ocuk Mayo \u015eapka Set<\/p><\/p>","protected":false},"excerpt":{"rendered":"<p>UPF50+ G\u00fcne\u015f Korumal\u0131 S\u0131rt Fermuarl\u0131 \u015eapkal\u0131 \u00c7i\u00e7ek desenli K\u0131z \u00c7ocuk Mayo \u015eapka Set<\/p>","protected":false},"featured_media":8448,"template":"","meta":[],"product_brand":[],"product_cat":[974],"product_tag":[],"class_list":{"0":"post-8449","1":"product","2":"type-product","3":"status-publish","4":"has-post-thumbnail","6":"product_cat-mayo","8":"first","9":"instock","10":"taxable","11":"shipping-taxable","12":"purchasable","13":"product-type-variable"},"_links":{"self":[{"href":"https:\/\/petityu.com\/en\/wp-json\/wp\/v2\/product\/8449","targetHints":{"allow":["GET"]}}],"collection":[{"href":"https:\/\/petityu.com\/en\/wp-json\/wp\/v2\/product"}],"about":[{"href":"https:\/\/petityu.com\/en\/wp-json\/wp\/v2\/types\/product"}],"wp:featuredmedia":[{"embeddable":true,"href":"https:\/\/petityu.com\/en\/wp-json\/wp\/v2\/media\/8448"}],"wp:attachment":[{"href":"https:\/\/petityu.com\/en\/wp-json\/wp\/v2\/media?parent=8449"}],"wp:term":[{"taxonomy":"product_brand","embeddable":true,"href":"https:\/\/petityu.com\/en\/wp-json\/wp\/v2\/product_brand?post=8449"},{"taxonomy":"product_cat","embeddable":true,"href":"https:\/\/petityu.com\/en\/wp-json\/wp\/v2\/product_cat?post=8449"},{"taxonomy":"product_tag","embeddable":true,"href":"https:\/\/petityu.com\/en\/wp-json\/wp\/v2\/product_tag?post=8449"}],"curies":[{"name":"wp","href":"https:\/\/api.w.org\/{rel}","templated":true}]}}