{"id":8497,"date":"2025-06-18T16:47:00","date_gmt":"2025-06-18T13:47:00","guid":{"rendered":"https:\/\/petityu.com\/lilo-stitch-sirin-mayo\/"},"modified":"2025-11-30T23:53:39","modified_gmt":"2025-11-30T20:53:39","slug":"lilo-stitch-sirin-mayo","status":"publish","type":"product","link":"https:\/\/petityu.com\/en\/lilo-stitch-sirin-mayo\/","title":{"rendered":"Lilo &amp; Stitch \u015eirin Mayo"},"content":{"rendered":"<p><p>Lilo &amp; Stitch \u015eirin K\u0131z \u00c7ocuk Mayo<\/p><br \/>\n<p class=\"MsoNormal\"><span><font face=\"Arial\">5-7 ya\u015f (etiket 7-8 yaz\u0131yor)<br><br>7-8 ya\u015f (etiket 9-10 yaz\u0131yor)<\/font><\/span><\/p><\/p>","protected":false},"excerpt":{"rendered":"<p>Lilo &amp; Stitch \u015eirin K\u0131z \u00c7ocuk Mayo 5-7 ya\u015f (etiket 7-8 yaz\u0131yor)7-8 ya\u015f (etiket 9-10 yaz\u0131yor)<\/p>","protected":false},"featured_media":8496,"template":"","meta":[],"product_brand":[],"product_cat":[974],"product_tag":[],"class_list":{"0":"post-8497","1":"product","2":"type-product","3":"status-publish","4":"has-post-thumbnail","6":"product_cat-mayo","8":"first","9":"instock","10":"taxable","11":"shipping-taxable","12":"purchasable","13":"product-type-variable"},"_links":{"self":[{"href":"https:\/\/petityu.com\/en\/wp-json\/wp\/v2\/product\/8497","targetHints":{"allow":["GET"]}}],"collection":[{"href":"https:\/\/petityu.com\/en\/wp-json\/wp\/v2\/product"}],"about":[{"href":"https:\/\/petityu.com\/en\/wp-json\/wp\/v2\/types\/product"}],"wp:featuredmedia":[{"embeddable":true,"href":"https:\/\/petityu.com\/en\/wp-json\/wp\/v2\/media\/8496"}],"wp:attachment":[{"href":"https:\/\/petityu.com\/en\/wp-json\/wp\/v2\/media?parent=8497"}],"wp:term":[{"taxonomy":"product_brand","embeddable":true,"href":"https:\/\/petityu.com\/en\/wp-json\/wp\/v2\/product_brand?post=8497"},{"taxonomy":"product_cat","embeddable":true,"href":"https:\/\/petityu.com\/en\/wp-json\/wp\/v2\/product_cat?post=8497"},{"taxonomy":"product_tag","embeddable":true,"href":"https:\/\/petityu.com\/en\/wp-json\/wp\/v2\/product_tag?post=8497"}],"curies":[{"name":"wp","href":"https:\/\/api.w.org\/{rel}","templated":true}]}}