{"id":8510,"date":"2025-06-23T17:05:27","date_gmt":"2025-06-23T14:05:27","guid":{"rendered":"https:\/\/petityu.com\/petityu-smiggle-spiderman-ilkokul-cantasi\/"},"modified":"2026-03-02T16:21:37","modified_gmt":"2026-03-02T13:21:37","slug":"petityu-smiggle-spiderman-ilkokul-cantasi","status":"publish","type":"product","link":"https:\/\/petityu.com\/en\/petityu-smiggle-spiderman-ilkokul-cantasi\/","title":{"rendered":"Petityu Smiggle Spiderman \u0130lkokul \u00c7antas\u0131"},"content":{"rendered":"<p><p>Smiggle Spiderman \u0130lkokul \u00c7antas\u0131<\/p><\/p>","protected":false},"excerpt":{"rendered":"<p>Smiggle Spiderman \u0130lkokul \u00c7antas\u0131<\/p>","protected":false},"featured_media":8509,"template":"","meta":[],"product_brand":[],"product_cat":[998],"product_tag":[],"class_list":{"0":"post-8510","1":"product","2":"type-product","3":"status-publish","4":"has-post-thumbnail","6":"product_cat-canta","8":"first","9":"instock","10":"taxable","11":"shipping-taxable","12":"purchasable","13":"product-type-simple"},"_links":{"self":[{"href":"https:\/\/petityu.com\/en\/wp-json\/wp\/v2\/product\/8510","targetHints":{"allow":["GET"]}}],"collection":[{"href":"https:\/\/petityu.com\/en\/wp-json\/wp\/v2\/product"}],"about":[{"href":"https:\/\/petityu.com\/en\/wp-json\/wp\/v2\/types\/product"}],"wp:featuredmedia":[{"embeddable":true,"href":"https:\/\/petityu.com\/en\/wp-json\/wp\/v2\/media\/8509"}],"wp:attachment":[{"href":"https:\/\/petityu.com\/en\/wp-json\/wp\/v2\/media?parent=8510"}],"wp:term":[{"taxonomy":"product_brand","embeddable":true,"href":"https:\/\/petityu.com\/en\/wp-json\/wp\/v2\/product_brand?post=8510"},{"taxonomy":"product_cat","embeddable":true,"href":"https:\/\/petityu.com\/en\/wp-json\/wp\/v2\/product_cat?post=8510"},{"taxonomy":"product_tag","embeddable":true,"href":"https:\/\/petityu.com\/en\/wp-json\/wp\/v2\/product_tag?post=8510"}],"curies":[{"name":"wp","href":"https:\/\/api.w.org\/{rel}","templated":true}]}}