{"id":8512,"date":"2025-06-23T17:17:23","date_gmt":"2025-06-23T14:17:23","guid":{"rendered":"https:\/\/petityu.com\/petityu-smiggle-stitch-and-lilo-sirin-ilkokul-cantasi\/"},"modified":"2026-02-27T16:27:07","modified_gmt":"2026-02-27T13:27:07","slug":"petityu-smiggle-stitch-and-lilo-sirin-ilkokul-cantasi","status":"publish","type":"product","link":"https:\/\/petityu.com\/en\/petityu-smiggle-stitch-and-lilo-sirin-ilkokul-cantasi\/","title":{"rendered":"Petityu Smiggle Stitch And Lilo \u015eirin \u0130lkokul \u00c7antas\u0131"},"content":{"rendered":"<p><p>Smiggle Stitch and Lilo \u015eirin \u0130lkokul \u00c7antas\u0131<\/p><\/p>","protected":false},"excerpt":{"rendered":"<p>Smiggle Stitch and Lilo \u015eirin \u0130lkokul \u00c7antas\u0131<\/p>","protected":false},"featured_media":8511,"template":"","meta":[],"product_brand":[],"product_cat":[909],"product_tag":[],"class_list":{"0":"post-8512","1":"product","2":"type-product","3":"status-publish","4":"has-post-thumbnail","6":"product_cat-cantaa","8":"first","9":"instock","10":"taxable","11":"shipping-taxable","12":"purchasable","13":"product-type-simple"},"_links":{"self":[{"href":"https:\/\/petityu.com\/en\/wp-json\/wp\/v2\/product\/8512","targetHints":{"allow":["GET"]}}],"collection":[{"href":"https:\/\/petityu.com\/en\/wp-json\/wp\/v2\/product"}],"about":[{"href":"https:\/\/petityu.com\/en\/wp-json\/wp\/v2\/types\/product"}],"wp:featuredmedia":[{"embeddable":true,"href":"https:\/\/petityu.com\/en\/wp-json\/wp\/v2\/media\/8511"}],"wp:attachment":[{"href":"https:\/\/petityu.com\/en\/wp-json\/wp\/v2\/media?parent=8512"}],"wp:term":[{"taxonomy":"product_brand","embeddable":true,"href":"https:\/\/petityu.com\/en\/wp-json\/wp\/v2\/product_brand?post=8512"},{"taxonomy":"product_cat","embeddable":true,"href":"https:\/\/petityu.com\/en\/wp-json\/wp\/v2\/product_cat?post=8512"},{"taxonomy":"product_tag","embeddable":true,"href":"https:\/\/petityu.com\/en\/wp-json\/wp\/v2\/product_tag?post=8512"}],"curies":[{"name":"wp","href":"https:\/\/api.w.org\/{rel}","templated":true}]}}