{"id":8514,"date":"2025-06-24T14:08:26","date_gmt":"2025-06-24T11:08:26","guid":{"rendered":"https:\/\/petityu.com\/petityu-futbol-siyah-smiggle-ilkokul-ortaokul-lise-canta\/"},"modified":"2025-11-28T14:58:17","modified_gmt":"2025-11-28T11:58:17","slug":"petityu-futbol-siyah-smiggle-ilkokul-ortaokul-lise-canta","status":"publish","type":"product","link":"https:\/\/petityu.com\/en\/petityu-futbol-siyah-smiggle-ilkokul-ortaokul-lise-canta\/","title":{"rendered":"Petityu Futbol Siyah Smiggle \u0130lkokul Ortaokul Lise \u00c7anta"},"content":{"rendered":"<p><p>Siyah Futbol Desenli Smiggle Okul \u00c7antas\u0131<\/p><br \/>\n<p>\u0130lkokul Ortaokul Lise Okul \u00c7antas\u0131<\/p><\/p>","protected":false},"excerpt":{"rendered":"<p>Siyah Futbol Desenli Smiggle Okul \u00c7antas\u0131 \u0130lkokul Ortaokul Lise Okul \u00c7antas\u0131<\/p>","protected":false},"featured_media":8513,"template":"","meta":[],"product_brand":[],"product_cat":[998],"product_tag":[],"class_list":{"0":"post-8514","1":"product","2":"type-product","3":"status-publish","4":"has-post-thumbnail","6":"product_cat-canta","8":"first","9":"instock","10":"taxable","11":"shipping-taxable","12":"purchasable","13":"product-type-simple"},"_links":{"self":[{"href":"https:\/\/petityu.com\/en\/wp-json\/wp\/v2\/product\/8514","targetHints":{"allow":["GET"]}}],"collection":[{"href":"https:\/\/petityu.com\/en\/wp-json\/wp\/v2\/product"}],"about":[{"href":"https:\/\/petityu.com\/en\/wp-json\/wp\/v2\/types\/product"}],"wp:featuredmedia":[{"embeddable":true,"href":"https:\/\/petityu.com\/en\/wp-json\/wp\/v2\/media\/8513"}],"wp:attachment":[{"href":"https:\/\/petityu.com\/en\/wp-json\/wp\/v2\/media?parent=8514"}],"wp:term":[{"taxonomy":"product_brand","embeddable":true,"href":"https:\/\/petityu.com\/en\/wp-json\/wp\/v2\/product_brand?post=8514"},{"taxonomy":"product_cat","embeddable":true,"href":"https:\/\/petityu.com\/en\/wp-json\/wp\/v2\/product_cat?post=8514"},{"taxonomy":"product_tag","embeddable":true,"href":"https:\/\/petityu.com\/en\/wp-json\/wp\/v2\/product_tag?post=8514"}],"curies":[{"name":"wp","href":"https:\/\/api.w.org\/{rel}","templated":true}]}}