{"id":8516,"date":"2025-06-24T14:44:31","date_gmt":"2025-06-24T11:44:31","guid":{"rendered":"https:\/\/petityu.com\/?post_type=product&#038;p=8516"},"modified":"2026-04-16T13:40:36","modified_gmt":"2026-04-16T10:40:36","slug":"petityu-upf50-gunes-korumali-mayo-sapka-set-mavi-kirmizi-biyeli-deniz-canlilari","status":"publish","type":"product","link":"https:\/\/petityu.com\/en\/petityu-upf50-gunes-korumali-mayo-sapka-set-mavi-kirmizi-biyeli-deniz-canlilari\/","title":{"rendered":"Petityu UPF50+ G\u00fcne\u015f Korumal\u0131 Mayo \u015eapka Set Mavi K\u0131rm\u0131z\u0131 Biyeli Deniz Canl\u0131lar\u0131"},"content":{"rendered":"<p>UPF50+ G&uuml;ne\u015f Korumal\u0131 Mayo \u015eapka Set<\/p>\n<p>Mavi K\u0131rm\u0131z\u0131 Biyeli Deniz Canl\u0131lar\u0131<\/p>","protected":false},"excerpt":{"rendered":"<p>UPF50+ G&uuml;ne\u015f Korumal\u0131 Mayo \u015eapka Set Mavi K\u0131rm\u0131z\u0131 Biyeli Deniz Canl\u0131lar\u0131<\/p>","protected":false},"featured_media":8515,"template":"","meta":[],"product_brand":[],"product_cat":[987],"product_tag":[],"class_list":{"0":"post-8516","1":"product","2":"type-product","3":"status-publish","4":"has-post-thumbnail","6":"product_cat-mayo-erkekcocuk","8":"first","9":"instock","10":"taxable","11":"shipping-taxable","12":"purchasable","13":"product-type-variable"},"_links":{"self":[{"href":"https:\/\/petityu.com\/en\/wp-json\/wp\/v2\/product\/8516","targetHints":{"allow":["GET"]}}],"collection":[{"href":"https:\/\/petityu.com\/en\/wp-json\/wp\/v2\/product"}],"about":[{"href":"https:\/\/petityu.com\/en\/wp-json\/wp\/v2\/types\/product"}],"wp:featuredmedia":[{"embeddable":true,"href":"https:\/\/petityu.com\/en\/wp-json\/wp\/v2\/media\/8515"}],"wp:attachment":[{"href":"https:\/\/petityu.com\/en\/wp-json\/wp\/v2\/media?parent=8516"}],"wp:term":[{"taxonomy":"product_brand","embeddable":true,"href":"https:\/\/petityu.com\/en\/wp-json\/wp\/v2\/product_brand?post=8516"},{"taxonomy":"product_cat","embeddable":true,"href":"https:\/\/petityu.com\/en\/wp-json\/wp\/v2\/product_cat?post=8516"},{"taxonomy":"product_tag","embeddable":true,"href":"https:\/\/petityu.com\/en\/wp-json\/wp\/v2\/product_tag?post=8516"}],"curies":[{"name":"wp","href":"https:\/\/api.w.org\/{rel}","templated":true}]}}