{"id":8526,"date":"2025-06-24T15:41:51","date_gmt":"2025-06-24T12:41:51","guid":{"rendered":"https:\/\/petityu.com\/?post_type=product&#038;p=8526"},"modified":"2026-03-27T15:46:36","modified_gmt":"2026-03-27T12:46:36","slug":"uv-gunes-korumali-hizli-kuruyan-gunluk-kullanima-uygun-petityu-upf50-gunes-korumali-ayarlanabilir-haki-renk-sapka","status":"publish","type":"product","link":"https:\/\/petityu.com\/en\/uv-gunes-korumali-hizli-kuruyan-gunluk-kullanima-uygun-petityu-upf50-gunes-korumali-ayarlanabilir-haki-renk-sapka\/","title":{"rendered":"Uv G\u00fcne\u015f Korumal\u0131 H\u0131zl\u0131 Kuruyan G\u00fcnl\u00fck Kullan\u0131ma Uygun Petityu UPF50+ G\u00fcne\u015f Korumal\u0131 Ayarlanabilir Haki Renk \u015eapka"},"content":{"rendered":"<p><p>UPF50+ G\u00fcne\u015f Korumal\u0131 Haki Renk&nbsp;\u015eapka<\/p><br \/>\n<p>Ayarlanabilir<\/p><br \/>\n<p>H\u0131zl\u0131 kuruyan<\/p><br \/>\n<p>G\u00fcnl\u00fck kullan\u0131ma uygun<\/p><\/p>","protected":false},"excerpt":{"rendered":"<p>UPF50+ G\u00fcne\u015f Korumal\u0131 Haki Renk&nbsp;\u015eapka Ayarlanabilir H\u0131zl\u0131 kuruyan G\u00fcnl\u00fck kullan\u0131ma uygun<\/p>","protected":false},"featured_media":8525,"template":"","meta":[],"product_brand":[],"product_cat":[975],"product_tag":[],"class_list":{"0":"post-8526","1":"product","2":"type-product","3":"status-publish","4":"has-post-thumbnail","6":"product_cat-sapka","8":"first","9":"instock","10":"taxable","11":"shipping-taxable","12":"purchasable","13":"product-type-variable"},"_links":{"self":[{"href":"https:\/\/petityu.com\/en\/wp-json\/wp\/v2\/product\/8526","targetHints":{"allow":["GET"]}}],"collection":[{"href":"https:\/\/petityu.com\/en\/wp-json\/wp\/v2\/product"}],"about":[{"href":"https:\/\/petityu.com\/en\/wp-json\/wp\/v2\/types\/product"}],"wp:featuredmedia":[{"embeddable":true,"href":"https:\/\/petityu.com\/en\/wp-json\/wp\/v2\/media\/8525"}],"wp:attachment":[{"href":"https:\/\/petityu.com\/en\/wp-json\/wp\/v2\/media?parent=8526"}],"wp:term":[{"taxonomy":"product_brand","embeddable":true,"href":"https:\/\/petityu.com\/en\/wp-json\/wp\/v2\/product_brand?post=8526"},{"taxonomy":"product_cat","embeddable":true,"href":"https:\/\/petityu.com\/en\/wp-json\/wp\/v2\/product_cat?post=8526"},{"taxonomy":"product_tag","embeddable":true,"href":"https:\/\/petityu.com\/en\/wp-json\/wp\/v2\/product_tag?post=8526"}],"curies":[{"name":"wp","href":"https:\/\/api.w.org\/{rel}","templated":true}]}}