{"id":8533,"date":"2025-06-24T17:19:59","date_gmt":"2025-06-24T14:19:59","guid":{"rendered":"https:\/\/petityu.com\/?post_type=product&#038;p=8533"},"modified":"2026-04-25T19:57:41","modified_gmt":"2026-04-25T16:57:41","slug":"upf50-gunes-korumali-sari-sapka-uv-gunes-korumali-hizli-kuruyan-gunluk-kullanima-uygun-ayarlanabilir-sapka","status":"publish","type":"product","link":"https:\/\/petityu.com\/en\/upf50-gunes-korumali-sari-sapka-uv-gunes-korumali-hizli-kuruyan-gunluk-kullanima-uygun-ayarlanabilir-sapka\/","title":{"rendered":"UPF50+ G\u00fcne\u015f Korumal\u0131 Sar\u0131 \u015eapka &#8211; UV G\u00fcne\u015f Korumal\u0131 H\u0131zl\u0131 Kuruyan G\u00fcnl\u00fck Kullan\u0131ma Uygun Ayarlanabilir \u015eapka"},"content":{"rendered":"<p><p>UPF50+ G&uuml;ne\u015f Korumal\u0131 Sar\u0131 Renk \u015eapka<\/p>\n<p>G&uuml;nl&uuml;k kullan\u0131ma uygun<\/p>\n<p>Ayarlanabilir<\/p><\/p>","protected":false},"excerpt":{"rendered":"<p>UPF50+ G&uuml;ne\u015f Korumal\u0131 Sar\u0131 Renk \u015eapka G&uuml;nl&uuml;k kullan\u0131ma uygun Ayarlanabilir<\/p>","protected":false},"featured_media":8532,"template":"","meta":[],"product_brand":[],"product_cat":[975],"product_tag":[],"class_list":{"0":"post-8533","1":"product","2":"type-product","3":"status-publish","4":"has-post-thumbnail","6":"product_cat-sapka","8":"first","9":"instock","10":"featured","11":"taxable","12":"shipping-taxable","13":"purchasable","14":"product-type-variable"},"_links":{"self":[{"href":"https:\/\/petityu.com\/en\/wp-json\/wp\/v2\/product\/8533","targetHints":{"allow":["GET"]}}],"collection":[{"href":"https:\/\/petityu.com\/en\/wp-json\/wp\/v2\/product"}],"about":[{"href":"https:\/\/petityu.com\/en\/wp-json\/wp\/v2\/types\/product"}],"wp:featuredmedia":[{"embeddable":true,"href":"https:\/\/petityu.com\/en\/wp-json\/wp\/v2\/media\/8532"}],"wp:attachment":[{"href":"https:\/\/petityu.com\/en\/wp-json\/wp\/v2\/media?parent=8533"}],"wp:term":[{"taxonomy":"product_brand","embeddable":true,"href":"https:\/\/petityu.com\/en\/wp-json\/wp\/v2\/product_brand?post=8533"},{"taxonomy":"product_cat","embeddable":true,"href":"https:\/\/petityu.com\/en\/wp-json\/wp\/v2\/product_cat?post=8533"},{"taxonomy":"product_tag","embeddable":true,"href":"https:\/\/petityu.com\/en\/wp-json\/wp\/v2\/product_tag?post=8533"}],"curies":[{"name":"wp","href":"https:\/\/api.w.org\/{rel}","templated":true}]}}