{"id":8547,"date":"2025-06-25T16:56:10","date_gmt":"2025-06-25T13:56:10","guid":{"rendered":"https:\/\/petityu.com\/?post_type=product&#038;p=8547"},"modified":"2026-04-01T17:09:16","modified_gmt":"2026-04-01T14:09:16","slug":"petityu-smiggle-marvel-spiderman-kullanisli-kalem-kutu","status":"publish","type":"product","link":"https:\/\/petityu.com\/en\/petityu-smiggle-marvel-spiderman-kullanisli-kalem-kutu\/","title":{"rendered":"Petityu Smiggle Marvel Spiderman Kullan\u0131\u015fl\u0131 Kalem Kutu"},"content":{"rendered":"<p>Smiggle Marvel Spiderman Kullan\u0131\u015fl\u0131 Kalem Kutu<\/p>","protected":false},"excerpt":{"rendered":"<p>Smiggle Marvel Spiderman Kullan\u0131\u015fl\u0131 Kalem Kutu<\/p>","protected":false},"featured_media":8546,"template":"","meta":[],"product_brand":[],"product_cat":[999],"product_tag":[],"class_list":{"0":"post-8547","1":"product","2":"type-product","3":"status-publish","4":"has-post-thumbnail","6":"product_cat-kalem-kutusu-erkekcocuk","8":"first","9":"instock","10":"taxable","11":"shipping-taxable","12":"purchasable","13":"product-type-simple"},"_links":{"self":[{"href":"https:\/\/petityu.com\/en\/wp-json\/wp\/v2\/product\/8547","targetHints":{"allow":["GET"]}}],"collection":[{"href":"https:\/\/petityu.com\/en\/wp-json\/wp\/v2\/product"}],"about":[{"href":"https:\/\/petityu.com\/en\/wp-json\/wp\/v2\/types\/product"}],"wp:featuredmedia":[{"embeddable":true,"href":"https:\/\/petityu.com\/en\/wp-json\/wp\/v2\/media\/8546"}],"wp:attachment":[{"href":"https:\/\/petityu.com\/en\/wp-json\/wp\/v2\/media?parent=8547"}],"wp:term":[{"taxonomy":"product_brand","embeddable":true,"href":"https:\/\/petityu.com\/en\/wp-json\/wp\/v2\/product_brand?post=8547"},{"taxonomy":"product_cat","embeddable":true,"href":"https:\/\/petityu.com\/en\/wp-json\/wp\/v2\/product_cat?post=8547"},{"taxonomy":"product_tag","embeddable":true,"href":"https:\/\/petityu.com\/en\/wp-json\/wp\/v2\/product_tag?post=8547"}],"curies":[{"name":"wp","href":"https:\/\/api.w.org\/{rel}","templated":true}]}}