{"id":8549,"date":"2025-06-25T17:08:58","date_gmt":"2025-06-25T14:08:58","guid":{"rendered":"https:\/\/petityu.com\/?post_type=product&#038;p=8549"},"modified":"2025-12-22T20:36:48","modified_gmt":"2025-12-22T17:36:48","slug":"petityu-cinnamoroll-squishy-cift-fermuarli-genis-kapasiteli-sirin-kalem-kutu","status":"publish","type":"product","link":"https:\/\/petityu.com\/en\/petityu-cinnamoroll-squishy-cift-fermuarli-genis-kapasiteli-sirin-kalem-kutu\/","title":{"rendered":"Petityu Cinnamoroll Squishy \u00c7ift Fermuarl\u0131 Geni\u015f Kapasiteli \u015eirin Kalem Kutu"},"content":{"rendered":"<p><p>Cinnamoroll \u015eirin Kalem Kutu<\/p><br \/>\n<p>\u00c7ift Fermuarl\u0131<\/p><br \/>\n<p>Geni\u015f Kapasiteli<\/p><br \/>\n<p>Squishy<\/p><\/p>","protected":false},"excerpt":{"rendered":"<p>Cinnamoroll \u015eirin Kalem Kutu \u00c7ift Fermuarl\u0131 Geni\u015f Kapasiteli Squishy<\/p>","protected":false},"featured_media":8548,"template":"","meta":[],"product_brand":[],"product_cat":[980],"product_tag":[],"class_list":{"0":"post-8549","1":"product","2":"type-product","3":"status-publish","4":"has-post-thumbnail","6":"product_cat-kalem-kutusu-kizcocuk","8":"first","9":"instock","10":"taxable","11":"shipping-taxable","12":"purchasable","13":"product-type-simple"},"_links":{"self":[{"href":"https:\/\/petityu.com\/en\/wp-json\/wp\/v2\/product\/8549","targetHints":{"allow":["GET"]}}],"collection":[{"href":"https:\/\/petityu.com\/en\/wp-json\/wp\/v2\/product"}],"about":[{"href":"https:\/\/petityu.com\/en\/wp-json\/wp\/v2\/types\/product"}],"wp:featuredmedia":[{"embeddable":true,"href":"https:\/\/petityu.com\/en\/wp-json\/wp\/v2\/media\/8548"}],"wp:attachment":[{"href":"https:\/\/petityu.com\/en\/wp-json\/wp\/v2\/media?parent=8549"}],"wp:term":[{"taxonomy":"product_brand","embeddable":true,"href":"https:\/\/petityu.com\/en\/wp-json\/wp\/v2\/product_brand?post=8549"},{"taxonomy":"product_cat","embeddable":true,"href":"https:\/\/petityu.com\/en\/wp-json\/wp\/v2\/product_cat?post=8549"},{"taxonomy":"product_tag","embeddable":true,"href":"https:\/\/petityu.com\/en\/wp-json\/wp\/v2\/product_tag?post=8549"}],"curies":[{"name":"wp","href":"https:\/\/api.w.org\/{rel}","templated":true}]}}