{"id":8558,"date":"2025-06-30T17:30:00","date_gmt":"2025-06-30T14:30:00","guid":{"rendered":"https:\/\/petityu.com\/?post_type=product&#038;p=8558"},"modified":"2025-08-26T12:10:10","modified_gmt":"2025-08-26T09:10:10","slug":"petityu-mermaid-akvaryum-mavi-mayo-sirti-fiyonk-detayli-hizli-kuruyan-kiz-cocuk-mayo","status":"publish","type":"product","link":"https:\/\/petityu.com\/en\/petityu-mermaid-akvaryum-mavi-mayo-sirti-fiyonk-detayli-hizli-kuruyan-kiz-cocuk-mayo\/","title":{"rendered":"Petityu Mermaid Akvaryum Mavi Mayo S\u0131rt\u0131 Fiyonk Detayl\u0131 H\u0131zl\u0131 Kuruyan K\u0131z \u00c7ocuk Mayo"},"content":{"rendered":"<p><p>Mermaid Akvaryum Desenli Mavi K\u0131z \u00c7ocuk Mayo<\/p><br \/>\n<p>S\u0131rt\u0131 Fiyonk Detayl\u0131 H\u0131zl\u0131 Kuruyan K\u0131z \u00c7ocuk Mayo<\/p><\/p>","protected":false},"excerpt":{"rendered":"<p>Mermaid Akvaryum Desenli Mavi K\u0131z \u00c7ocuk Mayo S\u0131rt\u0131 Fiyonk Detayl\u0131 H\u0131zl\u0131 Kuruyan K\u0131z \u00c7ocuk Mayo<\/p>","protected":false},"featured_media":8556,"template":"","meta":[],"product_brand":[],"product_cat":[974],"product_tag":[],"class_list":{"0":"post-8558","1":"product","2":"type-product","3":"status-publish","4":"has-post-thumbnail","6":"product_cat-mayo","8":"first","9":"instock","10":"taxable","11":"shipping-taxable","12":"purchasable","13":"product-type-variable"},"_links":{"self":[{"href":"https:\/\/petityu.com\/en\/wp-json\/wp\/v2\/product\/8558","targetHints":{"allow":["GET"]}}],"collection":[{"href":"https:\/\/petityu.com\/en\/wp-json\/wp\/v2\/product"}],"about":[{"href":"https:\/\/petityu.com\/en\/wp-json\/wp\/v2\/types\/product"}],"wp:featuredmedia":[{"embeddable":true,"href":"https:\/\/petityu.com\/en\/wp-json\/wp\/v2\/media\/8556"}],"wp:attachment":[{"href":"https:\/\/petityu.com\/en\/wp-json\/wp\/v2\/media?parent=8558"}],"wp:term":[{"taxonomy":"product_brand","embeddable":true,"href":"https:\/\/petityu.com\/en\/wp-json\/wp\/v2\/product_brand?post=8558"},{"taxonomy":"product_cat","embeddable":true,"href":"https:\/\/petityu.com\/en\/wp-json\/wp\/v2\/product_cat?post=8558"},{"taxonomy":"product_tag","embeddable":true,"href":"https:\/\/petityu.com\/en\/wp-json\/wp\/v2\/product_tag?post=8558"}],"curies":[{"name":"wp","href":"https:\/\/api.w.org\/{rel}","templated":true}]}}