{"id":8584,"date":"2025-07-10T15:52:52","date_gmt":"2025-07-10T12:52:52","guid":{"rendered":"https:\/\/petityu.com\/?post_type=product&#038;p=8584"},"modified":"2026-03-16T14:09:38","modified_gmt":"2026-03-16T11:09:38","slug":"petityu-kaydirmaz-patik-ev-okul-patik-corap-terlik-22-23","status":"publish","type":"product","link":"https:\/\/petityu.com\/en\/petityu-kaydirmaz-patik-ev-okul-patik-corap-terlik-22-23\/","title":{"rendered":"Petityu Kayd\u0131rmaz Patik Ev Okul Patik \u00c7orap Terlik 22-23"},"content":{"rendered":"<p><p>Kayd\u0131rmaz Ev Pati\u011fi<\/p><br \/>\n<p>Gri Patik \u00c7orap Terlik<\/p><br \/>\n<p>22-23 numara<\/p><\/p>","protected":false},"excerpt":{"rendered":"<p>Kayd\u0131rmaz Ev Pati\u011fi Gri Patik \u00c7orap Terlik 22-23 numara<\/p>","protected":false},"featured_media":8582,"template":"","meta":[],"product_brand":[],"product_cat":[994],"product_tag":[],"class_list":{"0":"post-8584","1":"product","2":"type-product","3":"status-publish","4":"has-post-thumbnail","6":"product_cat-patik-terlik-okul-evpanduf","8":"first","9":"instock","10":"taxable","11":"shipping-taxable","12":"purchasable","13":"product-type-simple"},"_links":{"self":[{"href":"https:\/\/petityu.com\/en\/wp-json\/wp\/v2\/product\/8584","targetHints":{"allow":["GET"]}}],"collection":[{"href":"https:\/\/petityu.com\/en\/wp-json\/wp\/v2\/product"}],"about":[{"href":"https:\/\/petityu.com\/en\/wp-json\/wp\/v2\/types\/product"}],"wp:featuredmedia":[{"embeddable":true,"href":"https:\/\/petityu.com\/en\/wp-json\/wp\/v2\/media\/8582"}],"wp:attachment":[{"href":"https:\/\/petityu.com\/en\/wp-json\/wp\/v2\/media?parent=8584"}],"wp:term":[{"taxonomy":"product_brand","embeddable":true,"href":"https:\/\/petityu.com\/en\/wp-json\/wp\/v2\/product_brand?post=8584"},{"taxonomy":"product_cat","embeddable":true,"href":"https:\/\/petityu.com\/en\/wp-json\/wp\/v2\/product_cat?post=8584"},{"taxonomy":"product_tag","embeddable":true,"href":"https:\/\/petityu.com\/en\/wp-json\/wp\/v2\/product_tag?post=8584"}],"curies":[{"name":"wp","href":"https:\/\/api.w.org\/{rel}","templated":true}]}}