{"id":8608,"date":"2025-07-17T17:40:06","date_gmt":"2025-07-17T14:40:06","guid":{"rendered":"https:\/\/petityu.com\/?post_type=product&#038;p=8608"},"modified":"2026-04-06T23:47:29","modified_gmt":"2026-04-06T20:47:29","slug":"petityu-smiggle-stitch-mini-anaokul-cantasi","status":"publish","type":"product","link":"https:\/\/petityu.com\/en\/petityu-smiggle-stitch-mini-anaokul-cantasi\/","title":{"rendered":"Petityu Smiggle Stitch Mini Anaokul \u00c7antas\u0131"},"content":{"rendered":"<p><span>Disney Stitch Smiggle anaokulu \u00e7anta <br>26*20cm tak\u0131p \u00e7\u0131kar\u0131labilir \u015firin Stitch oyuncakl\u0131 <br>Mini anaokul \u00e7antas\u0131 <br>\u00c7\u0131kan oyuncak pelu\u015f al\u0131nda da Stitch g\u00f6rseli mevcuttur. <br>Oyuncakl\u0131 ya da oyuncaks\u0131z kullan\u0131labilir.<\/span><\/p>","protected":false},"excerpt":{"rendered":"<p>Disney Stitch Smiggle anaokulu \u00e7anta 26*20cm tak\u0131p \u00e7\u0131kar\u0131labilir \u015firin Stitch oyuncakl\u0131 Mini anaokul \u00e7antas\u0131 \u00c7\u0131kan oyuncak pelu\u015f al\u0131nda da Stitch g\u00f6rseli mevcuttur. Oyuncakl\u0131 ya da&hellip;<\/p>","protected":false},"featured_media":8607,"template":"","meta":[],"product_brand":[],"product_cat":[909],"product_tag":[],"class_list":{"0":"post-8608","1":"product","2":"type-product","3":"status-publish","4":"has-post-thumbnail","6":"product_cat-cantaa","8":"first","9":"instock","10":"featured","11":"taxable","12":"shipping-taxable","13":"purchasable","14":"product-type-simple"},"_links":{"self":[{"href":"https:\/\/petityu.com\/en\/wp-json\/wp\/v2\/product\/8608","targetHints":{"allow":["GET"]}}],"collection":[{"href":"https:\/\/petityu.com\/en\/wp-json\/wp\/v2\/product"}],"about":[{"href":"https:\/\/petityu.com\/en\/wp-json\/wp\/v2\/types\/product"}],"wp:featuredmedia":[{"embeddable":true,"href":"https:\/\/petityu.com\/en\/wp-json\/wp\/v2\/media\/8607"}],"wp:attachment":[{"href":"https:\/\/petityu.com\/en\/wp-json\/wp\/v2\/media?parent=8608"}],"wp:term":[{"taxonomy":"product_brand","embeddable":true,"href":"https:\/\/petityu.com\/en\/wp-json\/wp\/v2\/product_brand?post=8608"},{"taxonomy":"product_cat","embeddable":true,"href":"https:\/\/petityu.com\/en\/wp-json\/wp\/v2\/product_cat?post=8608"},{"taxonomy":"product_tag","embeddable":true,"href":"https:\/\/petityu.com\/en\/wp-json\/wp\/v2\/product_tag?post=8608"}],"curies":[{"name":"wp","href":"https:\/\/api.w.org\/{rel}","templated":true}]}}