{"id":8617,"date":"2025-07-21T14:02:09","date_gmt":"2025-07-21T11:02:09","guid":{"rendered":"https:\/\/petityu.com\/?post_type=product&#038;p=8617"},"modified":"2026-04-10T17:02:45","modified_gmt":"2026-04-10T14:02:45","slug":"petityu-stitch-kalem-kutu-sert-kapakli-basmali-stitch-kalem-kutusu","status":"publish","type":"product","link":"https:\/\/petityu.com\/en\/petityu-stitch-kalem-kutu-sert-kapakli-basmali-stitch-kalem-kutusu\/","title":{"rendered":"Petityu Stitch Kalem Kutu Sert Kapakl\u0131 Basmal\u0131 Stitch Kalem Kutusu"},"content":{"rendered":"<p><p>Sert Kapakl\u0131 Basmal\u0131 Stitch Kalem Kutusu<\/p><p>&nbsp;<\/p><\/p>","protected":false},"excerpt":{"rendered":"<p>Sert Kapakl\u0131 Basmal\u0131 Stitch Kalem Kutusu&nbsp;<\/p>","protected":false},"featured_media":8616,"template":"","meta":[],"product_brand":[],"product_cat":[980],"product_tag":[],"class_list":{"0":"post-8617","1":"product","2":"type-product","3":"status-publish","4":"has-post-thumbnail","6":"product_cat-kalem-kutusu-kizcocuk","8":"first","9":"instock","10":"featured","11":"taxable","12":"shipping-taxable","13":"purchasable","14":"product-type-simple"},"_links":{"self":[{"href":"https:\/\/petityu.com\/en\/wp-json\/wp\/v2\/product\/8617","targetHints":{"allow":["GET"]}}],"collection":[{"href":"https:\/\/petityu.com\/en\/wp-json\/wp\/v2\/product"}],"about":[{"href":"https:\/\/petityu.com\/en\/wp-json\/wp\/v2\/types\/product"}],"wp:featuredmedia":[{"embeddable":true,"href":"https:\/\/petityu.com\/en\/wp-json\/wp\/v2\/media\/8616"}],"wp:attachment":[{"href":"https:\/\/petityu.com\/en\/wp-json\/wp\/v2\/media?parent=8617"}],"wp:term":[{"taxonomy":"product_brand","embeddable":true,"href":"https:\/\/petityu.com\/en\/wp-json\/wp\/v2\/product_brand?post=8617"},{"taxonomy":"product_cat","embeddable":true,"href":"https:\/\/petityu.com\/en\/wp-json\/wp\/v2\/product_cat?post=8617"},{"taxonomy":"product_tag","embeddable":true,"href":"https:\/\/petityu.com\/en\/wp-json\/wp\/v2\/product_tag?post=8617"}],"curies":[{"name":"wp","href":"https:\/\/api.w.org\/{rel}","templated":true}]}}