{"id":8619,"date":"2025-07-21T14:10:58","date_gmt":"2025-07-21T11:10:58","guid":{"rendered":"https:\/\/petityu.com\/?post_type=product&#038;p=8619"},"modified":"2026-02-17T13:15:17","modified_gmt":"2026-02-17T10:15:17","slug":"petityu-stitch-buyuk-boy-ekose-detay-bol-cepli-canta-ilkokul-ortaokul-lise-stitch-canta","status":"publish","type":"product","link":"https:\/\/petityu.com\/en\/petityu-stitch-buyuk-boy-ekose-detay-bol-cepli-canta-ilkokul-ortaokul-lise-stitch-canta\/","title":{"rendered":"Petityu Stitch B\u00fcy\u00fck Boy Ekose Detay Bol Cepli \u00c7anta \u0130lkokul Ortaokul Lise Stitch \u00c7anta"},"content":{"rendered":"<p>Stitch Okul &Ccedil;antas\u0131<\/p>\n<p>B&uuml;y&uuml;k Boy<\/p>\n<p>Ekose Detayl\u0131<\/p>\n<p>Bol Cepli<\/p>\n<p>\u0130lkokul Ortaokul Lise Okul &Ccedil;antas\u0131<\/p>","protected":false},"excerpt":{"rendered":"<p>Stitch Okul &Ccedil;antas\u0131 B&uuml;y&uuml;k Boy Ekose Detayl\u0131 Bol Cepli \u0130lkokul Ortaokul Lise Okul &Ccedil;antas\u0131<\/p>","protected":false},"featured_media":8618,"template":"","meta":[],"product_brand":[],"product_cat":[909],"product_tag":[],"class_list":{"0":"post-8619","1":"product","2":"type-product","3":"status-publish","4":"has-post-thumbnail","6":"product_cat-cantaa","8":"first","9":"outofstock","10":"taxable","11":"shipping-taxable","12":"purchasable","13":"product-type-simple"},"_links":{"self":[{"href":"https:\/\/petityu.com\/en\/wp-json\/wp\/v2\/product\/8619","targetHints":{"allow":["GET"]}}],"collection":[{"href":"https:\/\/petityu.com\/en\/wp-json\/wp\/v2\/product"}],"about":[{"href":"https:\/\/petityu.com\/en\/wp-json\/wp\/v2\/types\/product"}],"wp:featuredmedia":[{"embeddable":true,"href":"https:\/\/petityu.com\/en\/wp-json\/wp\/v2\/media\/8618"}],"wp:attachment":[{"href":"https:\/\/petityu.com\/en\/wp-json\/wp\/v2\/media?parent=8619"}],"wp:term":[{"taxonomy":"product_brand","embeddable":true,"href":"https:\/\/petityu.com\/en\/wp-json\/wp\/v2\/product_brand?post=8619"},{"taxonomy":"product_cat","embeddable":true,"href":"https:\/\/petityu.com\/en\/wp-json\/wp\/v2\/product_cat?post=8619"},{"taxonomy":"product_tag","embeddable":true,"href":"https:\/\/petityu.com\/en\/wp-json\/wp\/v2\/product_tag?post=8619"}],"curies":[{"name":"wp","href":"https:\/\/api.w.org\/{rel}","templated":true}]}}