{"id":8623,"date":"2025-07-22T13:36:29","date_gmt":"2025-07-22T10:36:29","guid":{"rendered":"https:\/\/petityu.com\/?post_type=product&#038;p=8623"},"modified":"2026-02-04T18:04:49","modified_gmt":"2026-02-04T15:04:49","slug":"petityu-astranot-uzay-buyuk-kapasiteli-canta-seklinde-space-lacivert-kalem-kutu","status":"publish","type":"product","link":"https:\/\/petityu.com\/en\/petityu-astranot-uzay-buyuk-kapasiteli-canta-seklinde-space-lacivert-kalem-kutu\/","title":{"rendered":"Petityu Astranot Uzay B\u00fcy\u00fck Kapasiteli \u00c7anta \u015eeklinde Space  Lacivert Kalem Kutu"},"content":{"rendered":"<p><p>Astronot Space Uzay Kalem Kutu<\/p><br \/>\n<p>B\u00fcy\u00fck Kapasiteli \u00c7anta \u015eeklinde Kalem Kutu<\/p><br \/>\n<p>Dark blue<\/p><\/p>","protected":false},"excerpt":{"rendered":"<p>Astronot Space Uzay Kalem Kutu B\u00fcy\u00fck Kapasiteli \u00c7anta \u015eeklinde Kalem Kutu Lacivert<\/p>","protected":false},"featured_media":8622,"template":"","meta":[],"product_brand":[],"product_cat":[999],"product_tag":[],"class_list":{"0":"post-8623","1":"product","2":"type-product","3":"status-publish","4":"has-post-thumbnail","6":"product_cat-kalem-kutusu-erkekcocuk","8":"first","9":"instock","10":"taxable","11":"shipping-taxable","12":"purchasable","13":"product-type-simple"},"_links":{"self":[{"href":"https:\/\/petityu.com\/en\/wp-json\/wp\/v2\/product\/8623","targetHints":{"allow":["GET"]}}],"collection":[{"href":"https:\/\/petityu.com\/en\/wp-json\/wp\/v2\/product"}],"about":[{"href":"https:\/\/petityu.com\/en\/wp-json\/wp\/v2\/types\/product"}],"wp:featuredmedia":[{"embeddable":true,"href":"https:\/\/petityu.com\/en\/wp-json\/wp\/v2\/media\/8622"}],"wp:attachment":[{"href":"https:\/\/petityu.com\/en\/wp-json\/wp\/v2\/media?parent=8623"}],"wp:term":[{"taxonomy":"product_brand","embeddable":true,"href":"https:\/\/petityu.com\/en\/wp-json\/wp\/v2\/product_brand?post=8623"},{"taxonomy":"product_cat","embeddable":true,"href":"https:\/\/petityu.com\/en\/wp-json\/wp\/v2\/product_cat?post=8623"},{"taxonomy":"product_tag","embeddable":true,"href":"https:\/\/petityu.com\/en\/wp-json\/wp\/v2\/product_tag?post=8623"}],"curies":[{"name":"wp","href":"https:\/\/api.w.org\/{rel}","templated":true}]}}