{"id":8624,"date":"2025-07-23T12:06:37","date_gmt":"2025-07-23T09:06:37","guid":{"rendered":"https:\/\/petityu.com\/crybaby-sunset-concert-series-plush-pendant-blind-box-original-pelus-crybaby\/"},"modified":"2026-03-25T13:50:40","modified_gmt":"2026-03-25T10:50:40","slug":"crybaby-sunset-concert-series-plush-pendant-blind-box-original-pelus-crybaby","status":"publish","type":"product","link":"https:\/\/petityu.com\/en\/crybaby-sunset-concert-series-plush-pendant-blind-box-original-pelus-crybaby\/","title":{"rendered":"CRYBABY Sunset Concert Series-Plush Pendant Blind Box &#8211;  ORIGINAL PELU\u015e Crybaby Labubu"},"content":{"rendered":"<p><p>Sunset Concert Crybabyn1 adet fiyat\u0131d\u0131r.&nbsp;<\/p><br \/>\n<p>Blind box&#8217;t\u0131r. \u0130\u00e7inden \u00e7\u0131kacak olan model bilinmemektedir.&nbsp;<\/p><br \/>\n<p>Original- Popmart ma\u011fazadan al\u0131nm\u0131\u015ft\u0131r.<\/p><br \/>\n<p>Bilndbox size 11*6,5,14cm&#8217;dir.&nbsp;<\/p><br \/>\n<p>Pelu\u015f kancal\u0131 k\u0131s\u0131m d\u0131\u015f\u0131nda 14 cm&#8217;dir.&nbsp;<\/p><br \/>\n<p>Tamamen pelu\u015ftur.&nbsp;<\/p><br \/>\n<p>&nbsp;<\/p><br \/>\n<p>&nbsp;<\/p><br \/>\n<p>&nbsp;<\/p><br \/>\n<p>&nbsp;<\/p><\/p>","protected":false},"excerpt":{"rendered":"<p>Sunset Concert Crybabyn1 adet fiyat\u0131d\u0131r.&nbsp; Blind box&#8217;t\u0131r. \u0130\u00e7inden \u00e7\u0131kacak olan model bilinmemektedir.&nbsp; Original- Popmart ma\u011fazadan al\u0131nm\u0131\u015ft\u0131r. Bilndbox size 11*6,5,14cm&#8217;dir.&nbsp; Pelu\u015f kancal\u0131 k\u0131s\u0131m d\u0131\u015f\u0131nda 14 cm&#8217;dir.&nbsp;&hellip;<\/p>","protected":false},"featured_media":8626,"template":"","meta":[],"product_brand":[],"product_cat":[15],"product_tag":[],"class_list":{"0":"post-8624","1":"product","2":"type-product","3":"status-publish","4":"has-post-thumbnail","6":"product_cat-genel","8":"first","9":"instock","10":"taxable","11":"shipping-taxable","12":"purchasable","13":"product-type-simple"},"_links":{"self":[{"href":"https:\/\/petityu.com\/en\/wp-json\/wp\/v2\/product\/8624","targetHints":{"allow":["GET"]}}],"collection":[{"href":"https:\/\/petityu.com\/en\/wp-json\/wp\/v2\/product"}],"about":[{"href":"https:\/\/petityu.com\/en\/wp-json\/wp\/v2\/types\/product"}],"wp:featuredmedia":[{"embeddable":true,"href":"https:\/\/petityu.com\/en\/wp-json\/wp\/v2\/media\/8626"}],"wp:attachment":[{"href":"https:\/\/petityu.com\/en\/wp-json\/wp\/v2\/media?parent=8624"}],"wp:term":[{"taxonomy":"product_brand","embeddable":true,"href":"https:\/\/petityu.com\/en\/wp-json\/wp\/v2\/product_brand?post=8624"},{"taxonomy":"product_cat","embeddable":true,"href":"https:\/\/petityu.com\/en\/wp-json\/wp\/v2\/product_cat?post=8624"},{"taxonomy":"product_tag","embeddable":true,"href":"https:\/\/petityu.com\/en\/wp-json\/wp\/v2\/product_tag?post=8624"}],"curies":[{"name":"wp","href":"https:\/\/api.w.org\/{rel}","templated":true}]}}