{"id":8635,"date":"2025-07-24T16:28:03","date_gmt":"2025-07-24T13:28:03","guid":{"rendered":"https:\/\/petityu.com\/?post_type=product&#038;p=8635"},"modified":"2026-03-02T16:22:20","modified_gmt":"2026-03-02T13:22:20","slug":"petityu-canta-seklinde-atlet-detay-basketbol-kalem-kutusu","status":"publish","type":"product","link":"https:\/\/petityu.com\/en\/petityu-canta-seklinde-atlet-detay-basketbol-kalem-kutusu\/","title":{"rendered":"Petityu \u00c7anta \u015eeklinde Atlet Detay Basketbol  Kalem Kutusu"},"content":{"rendered":"<p>\u00c7anta \u015eeklinde Atlet Detayl\u0131 Basketbol Kalem Kutusu<\/p>","protected":false},"excerpt":{"rendered":"<p>\u00c7anta \u015eeklinde Atlet Detayl\u0131 Basketbol Kalem Kutusu<\/p>","protected":false},"featured_media":8634,"template":"","meta":[],"product_brand":[],"product_cat":[999],"product_tag":[],"class_list":{"0":"post-8635","1":"product","2":"type-product","3":"status-publish","4":"has-post-thumbnail","6":"product_cat-kalem-kutusu-erkekcocuk","8":"first","9":"instock","10":"taxable","11":"shipping-taxable","12":"purchasable","13":"product-type-simple"},"_links":{"self":[{"href":"https:\/\/petityu.com\/en\/wp-json\/wp\/v2\/product\/8635","targetHints":{"allow":["GET"]}}],"collection":[{"href":"https:\/\/petityu.com\/en\/wp-json\/wp\/v2\/product"}],"about":[{"href":"https:\/\/petityu.com\/en\/wp-json\/wp\/v2\/types\/product"}],"wp:featuredmedia":[{"embeddable":true,"href":"https:\/\/petityu.com\/en\/wp-json\/wp\/v2\/media\/8634"}],"wp:attachment":[{"href":"https:\/\/petityu.com\/en\/wp-json\/wp\/v2\/media?parent=8635"}],"wp:term":[{"taxonomy":"product_brand","embeddable":true,"href":"https:\/\/petityu.com\/en\/wp-json\/wp\/v2\/product_brand?post=8635"},{"taxonomy":"product_cat","embeddable":true,"href":"https:\/\/petityu.com\/en\/wp-json\/wp\/v2\/product_cat?post=8635"},{"taxonomy":"product_tag","embeddable":true,"href":"https:\/\/petityu.com\/en\/wp-json\/wp\/v2\/product_tag?post=8635"}],"curies":[{"name":"wp","href":"https:\/\/api.w.org\/{rel}","templated":true}]}}