{"id":8638,"date":"2025-07-25T16:04:35","date_gmt":"2025-07-25T13:04:35","guid":{"rendered":"https:\/\/petityu.com\/petityu-cift-fermuarli-basketbol-topu-cirtcirtli-kalem-kutu\/"},"modified":"2025-12-23T14:02:26","modified_gmt":"2025-12-23T11:02:26","slug":"petityu-cift-fermuarli-basketbol-topu-cirtcirtli-kalem-kutu","status":"publish","type":"product","link":"https:\/\/petityu.com\/en\/petityu-cift-fermuarli-basketbol-topu-cirtcirtli-kalem-kutu\/","title":{"rendered":"Petityu \u00c7ift Fermuarl\u0131 Basketbol Topu C\u0131rtc\u0131rtl\u0131 Kalem Kutu"},"content":{"rendered":"<p><p>\u00c7ift Fermuarl\u0131 C\u0131rtc\u0131rtl\u0131 Kalem Kutu<\/p><br \/>\n<p>Basketbol Topu Desenli Kalem Kutu<\/p><\/p>","protected":false},"excerpt":{"rendered":"<p>\u00c7ift Fermuarl\u0131 C\u0131rtc\u0131rtl\u0131 Kalem Kutu Basketbol Topu Desenli Kalem Kutu<\/p>","protected":false},"featured_media":8637,"template":"","meta":[],"product_brand":[],"product_cat":[999],"product_tag":[],"class_list":{"0":"post-8638","1":"product","2":"type-product","3":"status-publish","4":"has-post-thumbnail","6":"product_cat-kalem-kutusu-erkekcocuk","8":"first","9":"instock","10":"taxable","11":"shipping-taxable","12":"purchasable","13":"product-type-simple"},"_links":{"self":[{"href":"https:\/\/petityu.com\/en\/wp-json\/wp\/v2\/product\/8638","targetHints":{"allow":["GET"]}}],"collection":[{"href":"https:\/\/petityu.com\/en\/wp-json\/wp\/v2\/product"}],"about":[{"href":"https:\/\/petityu.com\/en\/wp-json\/wp\/v2\/types\/product"}],"wp:featuredmedia":[{"embeddable":true,"href":"https:\/\/petityu.com\/en\/wp-json\/wp\/v2\/media\/8637"}],"wp:attachment":[{"href":"https:\/\/petityu.com\/en\/wp-json\/wp\/v2\/media?parent=8638"}],"wp:term":[{"taxonomy":"product_brand","embeddable":true,"href":"https:\/\/petityu.com\/en\/wp-json\/wp\/v2\/product_brand?post=8638"},{"taxonomy":"product_cat","embeddable":true,"href":"https:\/\/petityu.com\/en\/wp-json\/wp\/v2\/product_cat?post=8638"},{"taxonomy":"product_tag","embeddable":true,"href":"https:\/\/petityu.com\/en\/wp-json\/wp\/v2\/product_tag?post=8638"}],"curies":[{"name":"wp","href":"https:\/\/api.w.org\/{rel}","templated":true}]}}