{"id":8641,"date":"2025-07-25T17:27:05","date_gmt":"2025-07-25T14:27:05","guid":{"rendered":"https:\/\/petityu.com\/petityu-astranot-otomatik-bol-tuslu-bol-dugmeli-kilitlenebilir-kalem-kutu\/"},"modified":"2026-03-02T16:28:58","modified_gmt":"2026-03-02T13:28:58","slug":"petityu-astranot-otomatik-bol-tuslu-bol-dugmeli-kilitlenebilir-kalem-kutu","status":"publish","type":"product","link":"https:\/\/petityu.com\/en\/petityu-astranot-otomatik-bol-tuslu-bol-dugmeli-kilitlenebilir-kalem-kutu\/","title":{"rendered":"Petityu Astranot Otomatik Bol Tu\u015flu Bol D\u00fc\u011fmeli Kilitlenebilir Kalem Kutu"},"content":{"rendered":"<p><p>Astronot Desenli Kilitlenebilir Kalem Kutu<\/p><br \/>\n<p>Bol Tu\u015flu Bol D\u00fc\u011fmeli Otomatik Kalem Kutu<\/p><\/p>","protected":false},"excerpt":{"rendered":"<p>Astronot Desenli Kilitlenebilir Kalem Kutu Bol Tu\u015flu Bol D\u00fc\u011fmeli Otomatik Kalem Kutu<\/p>","protected":false},"featured_media":8639,"template":"","meta":[],"product_brand":[],"product_cat":[999],"product_tag":[],"class_list":{"0":"post-8641","1":"product","2":"type-product","3":"status-publish","4":"has-post-thumbnail","6":"product_cat-kalem-kutusu-erkekcocuk","8":"first","9":"outofstock","10":"taxable","11":"shipping-taxable","12":"purchasable","13":"product-type-simple"},"_links":{"self":[{"href":"https:\/\/petityu.com\/en\/wp-json\/wp\/v2\/product\/8641","targetHints":{"allow":["GET"]}}],"collection":[{"href":"https:\/\/petityu.com\/en\/wp-json\/wp\/v2\/product"}],"about":[{"href":"https:\/\/petityu.com\/en\/wp-json\/wp\/v2\/types\/product"}],"wp:featuredmedia":[{"embeddable":true,"href":"https:\/\/petityu.com\/en\/wp-json\/wp\/v2\/media\/8639"}],"wp:attachment":[{"href":"https:\/\/petityu.com\/en\/wp-json\/wp\/v2\/media?parent=8641"}],"wp:term":[{"taxonomy":"product_brand","embeddable":true,"href":"https:\/\/petityu.com\/en\/wp-json\/wp\/v2\/product_brand?post=8641"},{"taxonomy":"product_cat","embeddable":true,"href":"https:\/\/petityu.com\/en\/wp-json\/wp\/v2\/product_cat?post=8641"},{"taxonomy":"product_tag","embeddable":true,"href":"https:\/\/petityu.com\/en\/wp-json\/wp\/v2\/product_tag?post=8641"}],"curies":[{"name":"wp","href":"https:\/\/api.w.org\/{rel}","templated":true}]}}