{"id":8643,"date":"2025-07-30T15:53:34","date_gmt":"2025-07-30T12:53:34","guid":{"rendered":"https:\/\/petityu.com\/?post_type=product&#038;p=8643"},"modified":"2025-08-07T13:24:39","modified_gmt":"2025-08-07T10:24:39","slug":"petityu-princess-parlak-baskili-buyuk-kapasiteli-kiz-cocuk-smiggle-kalem-kutusu","status":"publish","type":"product","link":"https:\/\/petityu.com\/en\/petityu-princess-parlak-baskili-buyuk-kapasiteli-kiz-cocuk-smiggle-kalem-kutusu\/","title":{"rendered":"Petityu Smiggle Parlak Bask\u0131l\u0131 B\u00fcy\u00fck Kapasiteli K\u0131z \u00c7ocuk Kalem Kutusu"},"content":{"rendered":"<p><p>Princess Smiggle K\u0131z \u00c7ocuk Kalem Kutusu<\/p><br \/>\n<p>Parlak Bask\u0131l\u0131 B\u00fcy\u00fck Kapasiteli Kalem Kutusu<\/p><\/p>","protected":false},"excerpt":{"rendered":"<p>Princess Smiggle K\u0131z \u00c7ocuk Kalem Kutusu Parlak Bask\u0131l\u0131 B\u00fcy\u00fck Kapasiteli Kalem Kutusu<\/p>","protected":false},"featured_media":8665,"template":"","meta":[],"product_brand":[],"product_cat":[980],"product_tag":[],"class_list":{"0":"post-8643","1":"product","2":"type-product","3":"status-publish","4":"has-post-thumbnail","6":"product_cat-kalem-kutusu-kizcocuk","8":"first","9":"instock","10":"taxable","11":"shipping-taxable","12":"purchasable","13":"product-type-simple"},"_links":{"self":[{"href":"https:\/\/petityu.com\/en\/wp-json\/wp\/v2\/product\/8643","targetHints":{"allow":["GET"]}}],"collection":[{"href":"https:\/\/petityu.com\/en\/wp-json\/wp\/v2\/product"}],"about":[{"href":"https:\/\/petityu.com\/en\/wp-json\/wp\/v2\/types\/product"}],"wp:featuredmedia":[{"embeddable":true,"href":"https:\/\/petityu.com\/en\/wp-json\/wp\/v2\/media\/8665"}],"wp:attachment":[{"href":"https:\/\/petityu.com\/en\/wp-json\/wp\/v2\/media?parent=8643"}],"wp:term":[{"taxonomy":"product_brand","embeddable":true,"href":"https:\/\/petityu.com\/en\/wp-json\/wp\/v2\/product_brand?post=8643"},{"taxonomy":"product_cat","embeddable":true,"href":"https:\/\/petityu.com\/en\/wp-json\/wp\/v2\/product_cat?post=8643"},{"taxonomy":"product_tag","embeddable":true,"href":"https:\/\/petityu.com\/en\/wp-json\/wp\/v2\/product_tag?post=8643"}],"curies":[{"name":"wp","href":"https:\/\/api.w.org\/{rel}","templated":true}]}}