{"id":8648,"date":"2025-07-30T16:19:01","date_gmt":"2025-07-30T13:19:01","guid":{"rendered":"https:\/\/petityu.com\/?post_type=product&#038;p=8648"},"modified":"2026-03-12T18:52:58","modified_gmt":"2026-03-12T15:52:58","slug":"petityu-cift-fermuarli-stitch-genis-kapasiteli-buyuk-boy-kalem-kutusu","status":"publish","type":"product","link":"https:\/\/petityu.com\/en\/petityu-cift-fermuarli-stitch-genis-kapasiteli-buyuk-boy-kalem-kutusu\/","title":{"rendered":"Petityu \u00c7ift Fermuarl\u0131 Stitch Geni\u015f Kapasiteli B\u00fcy\u00fck Boy Kalem Kutusu"},"content":{"rendered":"<p><p>\u00c7ift Fermuarl\u0131 Geni\u015f Kapasiteli Stitch B\u00fcy\u00fck Boy Kalem Kutusu<\/p><\/p>","protected":false},"excerpt":{"rendered":"<p>\u00c7ift Fermuarl\u0131 Geni\u015f Kapasiteli Stitch B\u00fcy\u00fck Boy Kalem Kutusu<\/p>","protected":false},"featured_media":8647,"template":"","meta":[],"product_brand":[],"product_cat":[980],"product_tag":[],"class_list":{"0":"post-8648","1":"product","2":"type-product","3":"status-publish","4":"has-post-thumbnail","6":"product_cat-kalem-kutusu-kizcocuk","8":"first","9":"instock","10":"taxable","11":"shipping-taxable","12":"purchasable","13":"product-type-simple"},"_links":{"self":[{"href":"https:\/\/petityu.com\/en\/wp-json\/wp\/v2\/product\/8648","targetHints":{"allow":["GET"]}}],"collection":[{"href":"https:\/\/petityu.com\/en\/wp-json\/wp\/v2\/product"}],"about":[{"href":"https:\/\/petityu.com\/en\/wp-json\/wp\/v2\/types\/product"}],"wp:featuredmedia":[{"embeddable":true,"href":"https:\/\/petityu.com\/en\/wp-json\/wp\/v2\/media\/8647"}],"wp:attachment":[{"href":"https:\/\/petityu.com\/en\/wp-json\/wp\/v2\/media?parent=8648"}],"wp:term":[{"taxonomy":"product_brand","embeddable":true,"href":"https:\/\/petityu.com\/en\/wp-json\/wp\/v2\/product_brand?post=8648"},{"taxonomy":"product_cat","embeddable":true,"href":"https:\/\/petityu.com\/en\/wp-json\/wp\/v2\/product_cat?post=8648"},{"taxonomy":"product_tag","embeddable":true,"href":"https:\/\/petityu.com\/en\/wp-json\/wp\/v2\/product_tag?post=8648"}],"curies":[{"name":"wp","href":"https:\/\/api.w.org\/{rel}","templated":true}]}}