{"id":8650,"date":"2025-07-31T15:53:28","date_gmt":"2025-07-31T12:53:28","guid":{"rendered":"https:\/\/petityu.com\/?post_type=product&#038;p=8650"},"modified":"2025-09-03T14:49:07","modified_gmt":"2025-09-03T11:49:07","slug":"petityu-labubu-kirik-beyaz-bej-ilkokul-ortaokul-sirt-cantasi","status":"publish","type":"product","link":"https:\/\/petityu.com\/en\/petityu-labubu-kirik-beyaz-bej-ilkokul-ortaokul-sirt-cantasi\/","title":{"rendered":"Petityu Labubu K\u0131r\u0131k Beyaz Bej \u0130lkokul Ortaokul S\u0131rt \u00c7antas\u0131"},"content":{"rendered":"<p>Labubu K\u0131r\u0131k Beyaz Bej \u0130lkokul Ortaokul S\u0131rt \u00c7antas\u0131<\/p>","protected":false},"excerpt":{"rendered":"<p>Labubu K\u0131r\u0131k Beyaz Bej \u0130lkokul Ortaokul S\u0131rt \u00c7antas\u0131<\/p>","protected":false},"featured_media":8649,"template":"","meta":[],"product_brand":[],"product_cat":[909],"product_tag":[],"class_list":{"0":"post-8650","1":"product","2":"type-product","3":"status-publish","4":"has-post-thumbnail","6":"product_cat-cantaa","8":"first","9":"outofstock","10":"taxable","11":"shipping-taxable","12":"purchasable","13":"product-type-simple"},"_links":{"self":[{"href":"https:\/\/petityu.com\/en\/wp-json\/wp\/v2\/product\/8650","targetHints":{"allow":["GET"]}}],"collection":[{"href":"https:\/\/petityu.com\/en\/wp-json\/wp\/v2\/product"}],"about":[{"href":"https:\/\/petityu.com\/en\/wp-json\/wp\/v2\/types\/product"}],"wp:featuredmedia":[{"embeddable":true,"href":"https:\/\/petityu.com\/en\/wp-json\/wp\/v2\/media\/8649"}],"wp:attachment":[{"href":"https:\/\/petityu.com\/en\/wp-json\/wp\/v2\/media?parent=8650"}],"wp:term":[{"taxonomy":"product_brand","embeddable":true,"href":"https:\/\/petityu.com\/en\/wp-json\/wp\/v2\/product_brand?post=8650"},{"taxonomy":"product_cat","embeddable":true,"href":"https:\/\/petityu.com\/en\/wp-json\/wp\/v2\/product_cat?post=8650"},{"taxonomy":"product_tag","embeddable":true,"href":"https:\/\/petityu.com\/en\/wp-json\/wp\/v2\/product_tag?post=8650"}],"curies":[{"name":"wp","href":"https:\/\/api.w.org\/{rel}","templated":true}]}}