{"id":8652,"date":"2025-07-31T17:52:40","date_gmt":"2025-07-31T14:52:40","guid":{"rendered":"https:\/\/petityu.com\/petityu-labubu-lila-ilkokul-ortaokul-sirt-cantasi\/"},"modified":"2025-09-03T14:50:33","modified_gmt":"2025-09-03T11:50:33","slug":"petityu-labubu-lila-ilkokul-ortaokul-sirt-cantasi","status":"publish","type":"product","link":"https:\/\/petityu.com\/en\/petityu-labubu-lila-ilkokul-ortaokul-sirt-cantasi\/","title":{"rendered":"Petityu Labubu Lila \u0130lkokul Ortaokul S\u0131rt \u00c7antas\u0131"},"content":{"rendered":"<p>Labubu Lila Renk \u0130lkokul Ortaokul S\u0131rt \u00c7antas\u0131<\/p>","protected":false},"excerpt":{"rendered":"<p>Labubu Lila Renk \u0130lkokul Ortaokul S\u0131rt \u00c7antas\u0131<\/p>","protected":false},"featured_media":8651,"template":"","meta":[],"product_brand":[],"product_cat":[909],"product_tag":[],"class_list":{"0":"post-8652","1":"product","2":"type-product","3":"status-publish","4":"has-post-thumbnail","6":"product_cat-cantaa","8":"first","9":"outofstock","10":"taxable","11":"shipping-taxable","12":"purchasable","13":"product-type-simple"},"_links":{"self":[{"href":"https:\/\/petityu.com\/en\/wp-json\/wp\/v2\/product\/8652","targetHints":{"allow":["GET"]}}],"collection":[{"href":"https:\/\/petityu.com\/en\/wp-json\/wp\/v2\/product"}],"about":[{"href":"https:\/\/petityu.com\/en\/wp-json\/wp\/v2\/types\/product"}],"wp:featuredmedia":[{"embeddable":true,"href":"https:\/\/petityu.com\/en\/wp-json\/wp\/v2\/media\/8651"}],"wp:attachment":[{"href":"https:\/\/petityu.com\/en\/wp-json\/wp\/v2\/media?parent=8652"}],"wp:term":[{"taxonomy":"product_brand","embeddable":true,"href":"https:\/\/petityu.com\/en\/wp-json\/wp\/v2\/product_brand?post=8652"},{"taxonomy":"product_cat","embeddable":true,"href":"https:\/\/petityu.com\/en\/wp-json\/wp\/v2\/product_cat?post=8652"},{"taxonomy":"product_tag","embeddable":true,"href":"https:\/\/petityu.com\/en\/wp-json\/wp\/v2\/product_tag?post=8652"}],"curies":[{"name":"wp","href":"https:\/\/api.w.org\/{rel}","templated":true}]}}