{"id":8654,"date":"2025-08-05T15:29:48","date_gmt":"2025-08-05T12:29:48","guid":{"rendered":"https:\/\/petityu.com\/?post_type=product&#038;p=8654"},"modified":"2026-03-03T22:38:45","modified_gmt":"2026-03-03T19:38:45","slug":"petityu-ilkokul-ortaokul-lise-sirt-cantasi-stitch-okul-cantasi","status":"publish","type":"product","link":"https:\/\/petityu.com\/en\/petityu-ilkokul-ortaokul-lise-sirt-cantasi-stitch-okul-cantasi\/","title":{"rendered":"Petityu \u0130lkokul Ortaokul Lise S\u0131rt \u00c7antas\u0131 Stitch Okul \u00c7antas\u0131"},"content":{"rendered":"<p><p>Petityu \u0130lkokul Ortaokul Lise S\u0131rt \u00c7antas\u0131<\/p><br \/>\n<p>Stitch Okul \u00c7antas\u0131<\/p><\/p>","protected":false},"excerpt":{"rendered":"<p>Petityu \u0130lkokul Ortaokul Lise S\u0131rt \u00c7antas\u0131 Stitch Okul \u00c7antas\u0131<\/p>","protected":false},"featured_media":8653,"template":"","meta":[],"product_brand":[],"product_cat":[909],"product_tag":[],"class_list":{"0":"post-8654","1":"product","2":"type-product","3":"status-publish","4":"has-post-thumbnail","6":"product_cat-cantaa","8":"first","9":"outofstock","10":"taxable","11":"shipping-taxable","12":"purchasable","13":"product-type-simple"},"_links":{"self":[{"href":"https:\/\/petityu.com\/en\/wp-json\/wp\/v2\/product\/8654","targetHints":{"allow":["GET"]}}],"collection":[{"href":"https:\/\/petityu.com\/en\/wp-json\/wp\/v2\/product"}],"about":[{"href":"https:\/\/petityu.com\/en\/wp-json\/wp\/v2\/types\/product"}],"wp:featuredmedia":[{"embeddable":true,"href":"https:\/\/petityu.com\/en\/wp-json\/wp\/v2\/media\/8653"}],"wp:attachment":[{"href":"https:\/\/petityu.com\/en\/wp-json\/wp\/v2\/media?parent=8654"}],"wp:term":[{"taxonomy":"product_brand","embeddable":true,"href":"https:\/\/petityu.com\/en\/wp-json\/wp\/v2\/product_brand?post=8654"},{"taxonomy":"product_cat","embeddable":true,"href":"https:\/\/petityu.com\/en\/wp-json\/wp\/v2\/product_cat?post=8654"},{"taxonomy":"product_tag","embeddable":true,"href":"https:\/\/petityu.com\/en\/wp-json\/wp\/v2\/product_tag?post=8654"}],"curies":[{"name":"wp","href":"https:\/\/api.w.org\/{rel}","templated":true}]}}