{"id":8656,"date":"2025-08-05T16:08:54","date_gmt":"2025-08-05T13:08:54","guid":{"rendered":"https:\/\/petityu.com\/?post_type=product&#038;p=8656"},"modified":"2025-12-02T14:16:17","modified_gmt":"2025-12-02T11:16:17","slug":"petityu-pochacco-sirin-cift-fermuarli-buyuk-kapasiteli-kalem-kutu","status":"publish","type":"product","link":"https:\/\/petityu.com\/en\/petityu-pochacco-sirin-cift-fermuarli-buyuk-kapasiteli-kalem-kutu\/","title":{"rendered":"Petityu Pochacco \u015eirin \u00c7ift Fermuarl\u0131 B\u00fcy\u00fck Kapasiteli Kalem Kutu"},"content":{"rendered":"<p><p>Pochacco \u015eirin Kalem Kutu<\/p><br \/>\n<p>\u00c7ift Fermuarl\u0131 B\u00fcy\u00fck Kapasiteli Kalem Kutu<\/p><\/p>","protected":false},"excerpt":{"rendered":"<p>Pochacco \u015eirin Kalem Kutu \u00c7ift Fermuarl\u0131 B\u00fcy\u00fck Kapasiteli Kalem Kutu<\/p>","protected":false},"featured_media":8655,"template":"","meta":[],"product_brand":[],"product_cat":[980],"product_tag":[],"class_list":{"0":"post-8656","1":"product","2":"type-product","3":"status-publish","4":"has-post-thumbnail","6":"product_cat-kalem-kutusu-kizcocuk","8":"first","9":"instock","10":"taxable","11":"shipping-taxable","12":"purchasable","13":"product-type-simple"},"_links":{"self":[{"href":"https:\/\/petityu.com\/en\/wp-json\/wp\/v2\/product\/8656","targetHints":{"allow":["GET"]}}],"collection":[{"href":"https:\/\/petityu.com\/en\/wp-json\/wp\/v2\/product"}],"about":[{"href":"https:\/\/petityu.com\/en\/wp-json\/wp\/v2\/types\/product"}],"wp:featuredmedia":[{"embeddable":true,"href":"https:\/\/petityu.com\/en\/wp-json\/wp\/v2\/media\/8655"}],"wp:attachment":[{"href":"https:\/\/petityu.com\/en\/wp-json\/wp\/v2\/media?parent=8656"}],"wp:term":[{"taxonomy":"product_brand","embeddable":true,"href":"https:\/\/petityu.com\/en\/wp-json\/wp\/v2\/product_brand?post=8656"},{"taxonomy":"product_cat","embeddable":true,"href":"https:\/\/petityu.com\/en\/wp-json\/wp\/v2\/product_cat?post=8656"},{"taxonomy":"product_tag","embeddable":true,"href":"https:\/\/petityu.com\/en\/wp-json\/wp\/v2\/product_tag?post=8656"}],"curies":[{"name":"wp","href":"https:\/\/api.w.org\/{rel}","templated":true}]}}