{"id":8658,"date":"2025-08-05T16:19:41","date_gmt":"2025-08-05T13:19:41","guid":{"rendered":"https:\/\/petityu.com\/?post_type=product&#038;p=8658"},"modified":"2026-03-05T14:43:37","modified_gmt":"2026-03-05T11:43:37","slug":"petityu-kuromi-buyuk-kapasiteli-cift-fermuarli-kalem-kutusu","status":"publish","type":"product","link":"https:\/\/petityu.com\/en\/petityu-kuromi-buyuk-kapasiteli-cift-fermuarli-kalem-kutusu\/","title":{"rendered":"Petityu Kuromi B\u00fcy\u00fck Kapasiteli \u00c7ift Fermuarl\u0131 Kalem Kutusu"},"content":{"rendered":"<p>Kuromi B\u00fcy\u00fck Kapasiteli \u00c7ift Fermuarl\u0131 Kalem Kutusu<\/p>","protected":false},"excerpt":{"rendered":"<p>Kuromi B\u00fcy\u00fck Kapasiteli \u00c7ift Fermuarl\u0131 Kalem Kutusu<\/p>","protected":false},"featured_media":8657,"template":"","meta":[],"product_brand":[],"product_cat":[980],"product_tag":[],"class_list":{"0":"post-8658","1":"product","2":"type-product","3":"status-publish","4":"has-post-thumbnail","6":"product_cat-kalem-kutusu-kizcocuk","8":"first","9":"instock","10":"taxable","11":"shipping-taxable","12":"purchasable","13":"product-type-simple"},"_links":{"self":[{"href":"https:\/\/petityu.com\/en\/wp-json\/wp\/v2\/product\/8658","targetHints":{"allow":["GET"]}}],"collection":[{"href":"https:\/\/petityu.com\/en\/wp-json\/wp\/v2\/product"}],"about":[{"href":"https:\/\/petityu.com\/en\/wp-json\/wp\/v2\/types\/product"}],"wp:featuredmedia":[{"embeddable":true,"href":"https:\/\/petityu.com\/en\/wp-json\/wp\/v2\/media\/8657"}],"wp:attachment":[{"href":"https:\/\/petityu.com\/en\/wp-json\/wp\/v2\/media?parent=8658"}],"wp:term":[{"taxonomy":"product_brand","embeddable":true,"href":"https:\/\/petityu.com\/en\/wp-json\/wp\/v2\/product_brand?post=8658"},{"taxonomy":"product_cat","embeddable":true,"href":"https:\/\/petityu.com\/en\/wp-json\/wp\/v2\/product_cat?post=8658"},{"taxonomy":"product_tag","embeddable":true,"href":"https:\/\/petityu.com\/en\/wp-json\/wp\/v2\/product_tag?post=8658"}],"curies":[{"name":"wp","href":"https:\/\/api.w.org\/{rel}","templated":true}]}}