{"id":8662,"date":"2025-08-06T13:56:43","date_gmt":"2025-08-06T10:56:43","guid":{"rendered":"https:\/\/petityu.com\/?post_type=product&#038;p=8662"},"modified":"2025-08-25T18:33:16","modified_gmt":"2025-08-25T15:33:16","slug":"petityu-cinnamoroll-anaokul-sirt-okul-cantasi","status":"publish","type":"product","link":"https:\/\/petityu.com\/en\/petityu-cinnamoroll-anaokul-sirt-okul-cantasi\/","title":{"rendered":"Petityu Cinnamoroll Anaokul S\u0131rt Okul \u00c7antas\u0131"},"content":{"rendered":"<p>Cinnamoroll Anaokulu S\u0131rt \u00c7antas\u0131<\/p>","protected":false},"excerpt":{"rendered":"<p>Cinnamoroll Anaokulu S\u0131rt \u00c7antas\u0131<\/p>","protected":false},"featured_media":8661,"template":"","meta":[],"product_brand":[],"product_cat":[909],"product_tag":[],"class_list":{"0":"post-8662","1":"product","2":"type-product","3":"status-publish","4":"has-post-thumbnail","6":"product_cat-cantaa","8":"first","9":"outofstock","10":"taxable","11":"shipping-taxable","12":"purchasable","13":"product-type-simple"},"_links":{"self":[{"href":"https:\/\/petityu.com\/en\/wp-json\/wp\/v2\/product\/8662","targetHints":{"allow":["GET"]}}],"collection":[{"href":"https:\/\/petityu.com\/en\/wp-json\/wp\/v2\/product"}],"about":[{"href":"https:\/\/petityu.com\/en\/wp-json\/wp\/v2\/types\/product"}],"wp:featuredmedia":[{"embeddable":true,"href":"https:\/\/petityu.com\/en\/wp-json\/wp\/v2\/media\/8661"}],"wp:attachment":[{"href":"https:\/\/petityu.com\/en\/wp-json\/wp\/v2\/media?parent=8662"}],"wp:term":[{"taxonomy":"product_brand","embeddable":true,"href":"https:\/\/petityu.com\/en\/wp-json\/wp\/v2\/product_brand?post=8662"},{"taxonomy":"product_cat","embeddable":true,"href":"https:\/\/petityu.com\/en\/wp-json\/wp\/v2\/product_cat?post=8662"},{"taxonomy":"product_tag","embeddable":true,"href":"https:\/\/petityu.com\/en\/wp-json\/wp\/v2\/product_tag?post=8662"}],"curies":[{"name":"wp","href":"https:\/\/api.w.org\/{rel}","templated":true}]}}