{"id":8664,"date":"2025-08-06T14:10:59","date_gmt":"2025-08-06T11:10:59","guid":{"rendered":"https:\/\/petityu.com\/?post_type=product&#038;p=8664"},"modified":"2025-12-02T14:18:38","modified_gmt":"2025-12-02T11:18:38","slug":"petityu-pompompurin-sirin-sari-anaokuku-sirt-cantasi","status":"publish","type":"product","link":"https:\/\/petityu.com\/en\/petityu-pompompurin-sirin-sari-anaokuku-sirt-cantasi\/","title":{"rendered":"Petityu Pompompurin \u015eirin Sar\u0131 Anaokuku S\u0131rt \u00c7antas\u0131"},"content":{"rendered":"<p><p>Pompompurin \u015eirin Sar\u0131 Anaokulu S\u0131rt \u00c7antas\u0131<\/p><\/p>","protected":false},"excerpt":{"rendered":"<p>Pompompurin \u015eirin Sar\u0131 Anaokulu S\u0131rt \u00c7antas\u0131<\/p>","protected":false},"featured_media":8663,"template":"","meta":[],"product_brand":[],"product_cat":[909],"product_tag":[],"class_list":{"0":"post-8664","1":"product","2":"type-product","3":"status-publish","4":"has-post-thumbnail","6":"product_cat-cantaa","8":"first","9":"instock","10":"taxable","11":"shipping-taxable","12":"purchasable","13":"product-type-simple"},"_links":{"self":[{"href":"https:\/\/petityu.com\/en\/wp-json\/wp\/v2\/product\/8664","targetHints":{"allow":["GET"]}}],"collection":[{"href":"https:\/\/petityu.com\/en\/wp-json\/wp\/v2\/product"}],"about":[{"href":"https:\/\/petityu.com\/en\/wp-json\/wp\/v2\/types\/product"}],"wp:featuredmedia":[{"embeddable":true,"href":"https:\/\/petityu.com\/en\/wp-json\/wp\/v2\/media\/8663"}],"wp:attachment":[{"href":"https:\/\/petityu.com\/en\/wp-json\/wp\/v2\/media?parent=8664"}],"wp:term":[{"taxonomy":"product_brand","embeddable":true,"href":"https:\/\/petityu.com\/en\/wp-json\/wp\/v2\/product_brand?post=8664"},{"taxonomy":"product_cat","embeddable":true,"href":"https:\/\/petityu.com\/en\/wp-json\/wp\/v2\/product_cat?post=8664"},{"taxonomy":"product_tag","embeddable":true,"href":"https:\/\/petityu.com\/en\/wp-json\/wp\/v2\/product_tag?post=8664"}],"curies":[{"name":"wp","href":"https:\/\/api.w.org\/{rel}","templated":true}]}}