{"id":8672,"date":"2025-08-07T13:55:07","date_gmt":"2025-08-07T10:55:07","guid":{"rendered":"https:\/\/petityu.com\/petityu-my-melody-sirin-pembe-anaokulu-sirt-cantasi\/"},"modified":"2026-03-03T21:40:46","modified_gmt":"2026-03-03T18:40:46","slug":"petityu-my-melody-sirin-pembe-anaokulu-sirt-cantasi","status":"publish","type":"product","link":"https:\/\/petityu.com\/en\/petityu-my-melody-sirin-pembe-anaokulu-sirt-cantasi\/","title":{"rendered":"Petityu My Melody \u015eirin Pembe Anaokulu S\u0131rt \u00c7antas\u0131"},"content":{"rendered":"<p><p>Petityu My Melody Pembe \u015eirin Anaokulu S\u0131rt \u00c7antas\u0131<\/p><br \/>\n<p>26x20x10 cm<\/p><\/p>","protected":false},"excerpt":{"rendered":"<p>Petityu My Melody Pembe \u015eirin Anaokulu S\u0131rt \u00c7antas\u0131 26x20x10 cm<\/p>","protected":false},"featured_media":8671,"template":"","meta":[],"product_brand":[],"product_cat":[909],"product_tag":[],"class_list":{"0":"post-8672","1":"product","2":"type-product","3":"status-publish","4":"has-post-thumbnail","6":"product_cat-cantaa","8":"first","9":"outofstock","10":"taxable","11":"shipping-taxable","12":"purchasable","13":"product-type-simple"},"_links":{"self":[{"href":"https:\/\/petityu.com\/en\/wp-json\/wp\/v2\/product\/8672","targetHints":{"allow":["GET"]}}],"collection":[{"href":"https:\/\/petityu.com\/en\/wp-json\/wp\/v2\/product"}],"about":[{"href":"https:\/\/petityu.com\/en\/wp-json\/wp\/v2\/types\/product"}],"wp:featuredmedia":[{"embeddable":true,"href":"https:\/\/petityu.com\/en\/wp-json\/wp\/v2\/media\/8671"}],"wp:attachment":[{"href":"https:\/\/petityu.com\/en\/wp-json\/wp\/v2\/media?parent=8672"}],"wp:term":[{"taxonomy":"product_brand","embeddable":true,"href":"https:\/\/petityu.com\/en\/wp-json\/wp\/v2\/product_brand?post=8672"},{"taxonomy":"product_cat","embeddable":true,"href":"https:\/\/petityu.com\/en\/wp-json\/wp\/v2\/product_cat?post=8672"},{"taxonomy":"product_tag","embeddable":true,"href":"https:\/\/petityu.com\/en\/wp-json\/wp\/v2\/product_tag?post=8672"}],"curies":[{"name":"wp","href":"https:\/\/api.w.org\/{rel}","templated":true}]}}