{"id":8674,"date":"2025-08-07T14:07:14","date_gmt":"2025-08-07T11:07:14","guid":{"rendered":"https:\/\/petityu.com\/?post_type=product&#038;p=8674"},"modified":"2025-08-23T12:00:04","modified_gmt":"2025-08-23T09:00:04","slug":"petityu-kuromi-mor-sirin-anaokulu-sirt-cantasi","status":"publish","type":"product","link":"https:\/\/petityu.com\/en\/petityu-kuromi-mor-sirin-anaokulu-sirt-cantasi\/","title":{"rendered":"Petityu Kuromi Mor \u015eirin Anaokulu S\u0131rt \u00c7antas\u0131"},"content":{"rendered":"<p>Petityu Kuromi Mor \u015eirin Anaokulu S\u0131rt \u00c7antas\u0131<\/p>","protected":false},"excerpt":{"rendered":"<p>Petityu Kuromi Mor \u015eirin Anaokulu S\u0131rt \u00c7antas\u0131<\/p>","protected":false},"featured_media":8673,"template":"","meta":[],"product_brand":[],"product_cat":[909],"product_tag":[],"class_list":{"0":"post-8674","1":"product","2":"type-product","3":"status-publish","4":"has-post-thumbnail","6":"product_cat-cantaa","8":"first","9":"outofstock","10":"taxable","11":"shipping-taxable","12":"purchasable","13":"product-type-simple"},"_links":{"self":[{"href":"https:\/\/petityu.com\/en\/wp-json\/wp\/v2\/product\/8674","targetHints":{"allow":["GET"]}}],"collection":[{"href":"https:\/\/petityu.com\/en\/wp-json\/wp\/v2\/product"}],"about":[{"href":"https:\/\/petityu.com\/en\/wp-json\/wp\/v2\/types\/product"}],"wp:featuredmedia":[{"embeddable":true,"href":"https:\/\/petityu.com\/en\/wp-json\/wp\/v2\/media\/8673"}],"wp:attachment":[{"href":"https:\/\/petityu.com\/en\/wp-json\/wp\/v2\/media?parent=8674"}],"wp:term":[{"taxonomy":"product_brand","embeddable":true,"href":"https:\/\/petityu.com\/en\/wp-json\/wp\/v2\/product_brand?post=8674"},{"taxonomy":"product_cat","embeddable":true,"href":"https:\/\/petityu.com\/en\/wp-json\/wp\/v2\/product_cat?post=8674"},{"taxonomy":"product_tag","embeddable":true,"href":"https:\/\/petityu.com\/en\/wp-json\/wp\/v2\/product_tag?post=8674"}],"curies":[{"name":"wp","href":"https:\/\/api.w.org\/{rel}","templated":true}]}}