{"id":8676,"date":"2025-08-07T14:17:23","date_gmt":"2025-08-07T11:17:23","guid":{"rendered":"https:\/\/petityu.com\/?post_type=product&#038;p=8676"},"modified":"2025-08-07T14:17:37","modified_gmt":"2025-08-07T11:17:37","slug":"petityu-pelus-dik-durabilen-cinnamoroll-sirin-kalem-kutusu","status":"publish","type":"product","link":"https:\/\/petityu.com\/en\/petityu-pelus-dik-durabilen-cinnamoroll-sirin-kalem-kutusu\/","title":{"rendered":"Petityu Pelu\u015f Dik Durabilen Cinnamoroll \u015eirin Kalem Kutusu"},"content":{"rendered":"<p>Petityu Cinnamoroll Pelu\u015f Dik Durabilen \u015eirin Kalem Kutusu<\/p>","protected":false},"excerpt":{"rendered":"<p>Petityu Cinnamoroll Pelu\u015f Dik Durabilen \u015eirin Kalem Kutusu<\/p>","protected":false},"featured_media":8675,"template":"","meta":[],"product_brand":[],"product_cat":[980],"product_tag":[],"class_list":{"0":"post-8676","1":"product","2":"type-product","3":"status-publish","4":"has-post-thumbnail","6":"product_cat-kalem-kutusu-kizcocuk","8":"first","9":"instock","10":"taxable","11":"shipping-taxable","12":"purchasable","13":"product-type-simple"},"_links":{"self":[{"href":"https:\/\/petityu.com\/en\/wp-json\/wp\/v2\/product\/8676","targetHints":{"allow":["GET"]}}],"collection":[{"href":"https:\/\/petityu.com\/en\/wp-json\/wp\/v2\/product"}],"about":[{"href":"https:\/\/petityu.com\/en\/wp-json\/wp\/v2\/types\/product"}],"wp:featuredmedia":[{"embeddable":true,"href":"https:\/\/petityu.com\/en\/wp-json\/wp\/v2\/media\/8675"}],"wp:attachment":[{"href":"https:\/\/petityu.com\/en\/wp-json\/wp\/v2\/media?parent=8676"}],"wp:term":[{"taxonomy":"product_brand","embeddable":true,"href":"https:\/\/petityu.com\/en\/wp-json\/wp\/v2\/product_brand?post=8676"},{"taxonomy":"product_cat","embeddable":true,"href":"https:\/\/petityu.com\/en\/wp-json\/wp\/v2\/product_cat?post=8676"},{"taxonomy":"product_tag","embeddable":true,"href":"https:\/\/petityu.com\/en\/wp-json\/wp\/v2\/product_tag?post=8676"}],"curies":[{"name":"wp","href":"https:\/\/api.w.org\/{rel}","templated":true}]}}