{"id":8678,"date":"2025-08-07T14:35:57","date_gmt":"2025-08-07T11:35:57","guid":{"rendered":"https:\/\/petityu.com\/?post_type=product&#038;p=8678"},"modified":"2025-11-05T11:45:21","modified_gmt":"2025-11-05T08:45:21","slug":"petityu-space-cift-fermuarli-astronot-detayli-lacivert-genis-kapasiteli-kalem-kutusu","status":"publish","type":"product","link":"https:\/\/petityu.com\/en\/petityu-space-cift-fermuarli-astronot-detayli-lacivert-genis-kapasiteli-kalem-kutusu\/","title":{"rendered":"Petityu Space \u00c7ift Fermuarl\u0131 Astronot Detayl\u0131 Lacivert Geni\u015f Kapasiteli Kalem Kutusu"},"content":{"rendered":"<p>Petityu Space Astronot Detayl\u0131 Lacivert Geni\u015f Kapasiteli Kalem Kutusu<\/p>","protected":false},"excerpt":{"rendered":"<p>Petityu Space Astronot Detayl\u0131 Lacivert Geni\u015f Kapasiteli Kalem Kutusu<\/p>","protected":false},"featured_media":8677,"template":"","meta":[],"product_brand":[],"product_cat":[999],"product_tag":[],"class_list":{"0":"post-8678","1":"product","2":"type-product","3":"status-publish","4":"has-post-thumbnail","6":"product_cat-kalem-kutusu-erkekcocuk","8":"first","9":"instock","10":"taxable","11":"shipping-taxable","12":"purchasable","13":"product-type-simple"},"_links":{"self":[{"href":"https:\/\/petityu.com\/en\/wp-json\/wp\/v2\/product\/8678","targetHints":{"allow":["GET"]}}],"collection":[{"href":"https:\/\/petityu.com\/en\/wp-json\/wp\/v2\/product"}],"about":[{"href":"https:\/\/petityu.com\/en\/wp-json\/wp\/v2\/types\/product"}],"wp:featuredmedia":[{"embeddable":true,"href":"https:\/\/petityu.com\/en\/wp-json\/wp\/v2\/media\/8677"}],"wp:attachment":[{"href":"https:\/\/petityu.com\/en\/wp-json\/wp\/v2\/media?parent=8678"}],"wp:term":[{"taxonomy":"product_brand","embeddable":true,"href":"https:\/\/petityu.com\/en\/wp-json\/wp\/v2\/product_brand?post=8678"},{"taxonomy":"product_cat","embeddable":true,"href":"https:\/\/petityu.com\/en\/wp-json\/wp\/v2\/product_cat?post=8678"},{"taxonomy":"product_tag","embeddable":true,"href":"https:\/\/petityu.com\/en\/wp-json\/wp\/v2\/product_tag?post=8678"}],"curies":[{"name":"wp","href":"https:\/\/api.w.org\/{rel}","templated":true}]}}