{"id":8686,"date":"2025-08-09T14:23:19","date_gmt":"2025-08-09T11:23:19","guid":{"rendered":"https:\/\/petityu.com\/?post_type=product&#038;p=8686"},"modified":"2026-02-26T15:19:30","modified_gmt":"2026-02-26T12:19:30","slug":"petityu-sirti-capraz-sirin-cilekli-mayo","status":"publish","type":"product","link":"https:\/\/petityu.com\/en\/petityu-sirti-capraz-sirin-cilekli-mayo\/","title":{"rendered":"Petityu S\u0131rt\u0131 \u00c7apraz \u015eirin \u00c7ilekli Mayo"},"content":{"rendered":"<p>S\u0131rt\u0131 \u00c7apraz \u015eirin \u00c7ilekli Mayo<\/p>","protected":false},"excerpt":{"rendered":"<p>S\u0131rt\u0131 \u00c7apraz \u015eirin \u00c7ilekli Mayo<\/p>","protected":false},"featured_media":8685,"template":"","meta":[],"product_brand":[],"product_cat":[974],"product_tag":[],"class_list":{"0":"post-8686","1":"product","2":"type-product","3":"status-publish","4":"has-post-thumbnail","6":"product_cat-mayo","8":"first","9":"instock","10":"taxable","11":"shipping-taxable","12":"purchasable","13":"product-type-variable"},"_links":{"self":[{"href":"https:\/\/petityu.com\/en\/wp-json\/wp\/v2\/product\/8686","targetHints":{"allow":["GET"]}}],"collection":[{"href":"https:\/\/petityu.com\/en\/wp-json\/wp\/v2\/product"}],"about":[{"href":"https:\/\/petityu.com\/en\/wp-json\/wp\/v2\/types\/product"}],"wp:featuredmedia":[{"embeddable":true,"href":"https:\/\/petityu.com\/en\/wp-json\/wp\/v2\/media\/8685"}],"wp:attachment":[{"href":"https:\/\/petityu.com\/en\/wp-json\/wp\/v2\/media?parent=8686"}],"wp:term":[{"taxonomy":"product_brand","embeddable":true,"href":"https:\/\/petityu.com\/en\/wp-json\/wp\/v2\/product_brand?post=8686"},{"taxonomy":"product_cat","embeddable":true,"href":"https:\/\/petityu.com\/en\/wp-json\/wp\/v2\/product_cat?post=8686"},{"taxonomy":"product_tag","embeddable":true,"href":"https:\/\/petityu.com\/en\/wp-json\/wp\/v2\/product_tag?post=8686"}],"curies":[{"name":"wp","href":"https:\/\/api.w.org\/{rel}","templated":true}]}}