{"id":8693,"date":"2025-08-09T14:52:03","date_gmt":"2025-08-09T11:52:03","guid":{"rendered":"https:\/\/petityu.com\/?post_type=product&#038;p=8693"},"modified":"2025-09-19T17:11:47","modified_gmt":"2025-09-19T14:11:47","slug":"petityu-parlak-kiz-cocuk-buyuk-kapasiteli-smiggle-kalem-kutu","status":"publish","type":"product","link":"https:\/\/petityu.com\/en\/petityu-parlak-kiz-cocuk-buyuk-kapasiteli-smiggle-kalem-kutu\/","title":{"rendered":"Petityu Parlak K\u0131z \u00c7ocuk B\u00fcy\u00fck Kapasiteli Smiggle Kalem Kutu"},"content":{"rendered":"<p><p>Smiggle Parlak Bask\u0131l\u0131 B\u00fcy\u00fck Kapasiteli K\u0131z \u00c7ocuk Kalem Kutusu<\/p><\/p>","protected":false},"excerpt":{"rendered":"<p>Smiggle Parlak Bask\u0131l\u0131 B\u00fcy\u00fck Kapasiteli K\u0131z \u00c7ocuk Kalem Kutusu<\/p>","protected":false},"featured_media":8690,"template":"","meta":[],"product_brand":[],"product_cat":[980],"product_tag":[],"class_list":{"0":"post-8693","1":"product","2":"type-product","3":"status-publish","4":"has-post-thumbnail","6":"product_cat-kalem-kutusu-kizcocuk","8":"first","9":"instock","10":"taxable","11":"shipping-taxable","12":"purchasable","13":"product-type-simple"},"_links":{"self":[{"href":"https:\/\/petityu.com\/en\/wp-json\/wp\/v2\/product\/8693","targetHints":{"allow":["GET"]}}],"collection":[{"href":"https:\/\/petityu.com\/en\/wp-json\/wp\/v2\/product"}],"about":[{"href":"https:\/\/petityu.com\/en\/wp-json\/wp\/v2\/types\/product"}],"wp:featuredmedia":[{"embeddable":true,"href":"https:\/\/petityu.com\/en\/wp-json\/wp\/v2\/media\/8690"}],"wp:attachment":[{"href":"https:\/\/petityu.com\/en\/wp-json\/wp\/v2\/media?parent=8693"}],"wp:term":[{"taxonomy":"product_brand","embeddable":true,"href":"https:\/\/petityu.com\/en\/wp-json\/wp\/v2\/product_brand?post=8693"},{"taxonomy":"product_cat","embeddable":true,"href":"https:\/\/petityu.com\/en\/wp-json\/wp\/v2\/product_cat?post=8693"},{"taxonomy":"product_tag","embeddable":true,"href":"https:\/\/petityu.com\/en\/wp-json\/wp\/v2\/product_tag?post=8693"}],"curies":[{"name":"wp","href":"https:\/\/api.w.org\/{rel}","templated":true}]}}