{"id":8697,"date":"2025-08-09T15:14:50","date_gmt":"2025-08-09T12:14:50","guid":{"rendered":"https:\/\/petityu.com\/?post_type=product&#038;p=8697"},"modified":"2025-08-19T14:26:58","modified_gmt":"2025-08-19T11:26:58","slug":"petityu-canta-seklinde-stitch-kalem-kutusu-buz-mavisi","status":"publish","type":"product","link":"https:\/\/petityu.com\/en\/petityu-canta-seklinde-stitch-kalem-kutusu-buz-mavisi\/","title":{"rendered":"Petityu \u00c7anta \u015eeklinde Stitch Kalem Kutusu Buz Mavisi"},"content":{"rendered":"<p>Stitch \u00c7anta \u015eeklinde Buz Mavisi Kalem Kutu<\/p>","protected":false},"excerpt":{"rendered":"<p>Stitch \u00c7anta \u015eeklinde Buz Mavisi Kalem Kutu<\/p>","protected":false},"featured_media":8696,"template":"","meta":[],"product_brand":[],"product_cat":[980],"product_tag":[],"class_list":{"0":"post-8697","1":"product","2":"type-product","3":"status-publish","4":"has-post-thumbnail","6":"product_cat-kalem-kutusu-kizcocuk","8":"first","9":"instock","10":"taxable","11":"shipping-taxable","12":"purchasable","13":"product-type-simple"},"_links":{"self":[{"href":"https:\/\/petityu.com\/en\/wp-json\/wp\/v2\/product\/8697","targetHints":{"allow":["GET"]}}],"collection":[{"href":"https:\/\/petityu.com\/en\/wp-json\/wp\/v2\/product"}],"about":[{"href":"https:\/\/petityu.com\/en\/wp-json\/wp\/v2\/types\/product"}],"wp:featuredmedia":[{"embeddable":true,"href":"https:\/\/petityu.com\/en\/wp-json\/wp\/v2\/media\/8696"}],"wp:attachment":[{"href":"https:\/\/petityu.com\/en\/wp-json\/wp\/v2\/media?parent=8697"}],"wp:term":[{"taxonomy":"product_brand","embeddable":true,"href":"https:\/\/petityu.com\/en\/wp-json\/wp\/v2\/product_brand?post=8697"},{"taxonomy":"product_cat","embeddable":true,"href":"https:\/\/petityu.com\/en\/wp-json\/wp\/v2\/product_cat?post=8697"},{"taxonomy":"product_tag","embeddable":true,"href":"https:\/\/petityu.com\/en\/wp-json\/wp\/v2\/product_tag?post=8697"}],"curies":[{"name":"wp","href":"https:\/\/api.w.org\/{rel}","templated":true}]}}