{"id":8705,"date":"2025-08-11T14:47:21","date_gmt":"2025-08-11T11:47:21","guid":{"rendered":"https:\/\/petityu.com\/?post_type=product&#038;p=8705"},"modified":"2026-01-06T14:54:57","modified_gmt":"2026-01-06T11:54:57","slug":"petityu-mavi-stitch-anaokul-ve-ilkokul-cantasi-stitch-sirt-cantasi","status":"publish","type":"product","link":"https:\/\/petityu.com\/en\/petityu-mavi-stitch-anaokul-ve-ilkokul-cantasi-stitch-sirt-cantasi\/","title":{"rendered":"Petityu Mavi Stitch Anaokul Ve \u0130lkokul \u00c7antas\u0131 Stitch S\u0131rt \u00c7antas\u0131"},"content":{"rendered":"<p><p>Stitch Mavi Anaokulu \u0130lkokul S\u0131rt \u00c7antas\u0131<\/p><br \/>\n<p>33x28x12 cm<\/p><\/p>","protected":false},"excerpt":{"rendered":"<p>Stitch Mavi Anaokulu \u0130lkokul S\u0131rt \u00c7antas\u0131 33x28x12 cm<\/p>","protected":false},"featured_media":8704,"template":"","meta":[],"product_brand":[],"product_cat":[909],"product_tag":[],"class_list":{"0":"post-8705","1":"product","2":"type-product","3":"status-publish","4":"has-post-thumbnail","6":"product_cat-cantaa","8":"first","9":"instock","10":"taxable","11":"shipping-taxable","12":"purchasable","13":"product-type-simple"},"_links":{"self":[{"href":"https:\/\/petityu.com\/en\/wp-json\/wp\/v2\/product\/8705","targetHints":{"allow":["GET"]}}],"collection":[{"href":"https:\/\/petityu.com\/en\/wp-json\/wp\/v2\/product"}],"about":[{"href":"https:\/\/petityu.com\/en\/wp-json\/wp\/v2\/types\/product"}],"wp:featuredmedia":[{"embeddable":true,"href":"https:\/\/petityu.com\/en\/wp-json\/wp\/v2\/media\/8704"}],"wp:attachment":[{"href":"https:\/\/petityu.com\/en\/wp-json\/wp\/v2\/media?parent=8705"}],"wp:term":[{"taxonomy":"product_brand","embeddable":true,"href":"https:\/\/petityu.com\/en\/wp-json\/wp\/v2\/product_brand?post=8705"},{"taxonomy":"product_cat","embeddable":true,"href":"https:\/\/petityu.com\/en\/wp-json\/wp\/v2\/product_cat?post=8705"},{"taxonomy":"product_tag","embeddable":true,"href":"https:\/\/petityu.com\/en\/wp-json\/wp\/v2\/product_tag?post=8705"}],"curies":[{"name":"wp","href":"https:\/\/api.w.org\/{rel}","templated":true}]}}