{"id":8707,"date":"2025-08-11T16:19:18","date_gmt":"2025-08-11T13:19:18","guid":{"rendered":"https:\/\/petityu.com\/?post_type=product&#038;p=8707"},"modified":"2026-02-16T15:56:17","modified_gmt":"2026-02-16T12:56:17","slug":"etityu-basketbol-cift-fermuarli-kapak-kapama-buyuk-kapasiteli-kalem-kutus","status":"publish","type":"product","link":"https:\/\/petityu.com\/en\/etityu-basketbol-cift-fermuarli-kapak-kapama-buyuk-kapasiteli-kalem-kutus\/","title":{"rendered":"Petityu Basketbol \u00c7ift Fermuarl\u0131 Kapak Kapama B\u00fcy\u00fck Kapasiteli Kalem Kutus:"},"content":{"rendered":"<p>\u00c7ift Fermuarl\u0131 Kapak Kapama B\u00fcy\u00fck Kapasiteli Kalem Kutusu<\/p>","protected":false},"excerpt":{"rendered":"<p>\u00c7ift Fermuarl\u0131 Kapak Kapama B\u00fcy\u00fck Kapasiteli Kalem Kutusu<\/p>","protected":false},"featured_media":8706,"template":"","meta":[],"product_brand":[],"product_cat":[999],"product_tag":[],"class_list":{"0":"post-8707","1":"product","2":"type-product","3":"status-publish","4":"has-post-thumbnail","6":"product_cat-kalem-kutusu-erkekcocuk","8":"first","9":"outofstock","10":"taxable","11":"shipping-taxable","12":"purchasable","13":"product-type-simple"},"_links":{"self":[{"href":"https:\/\/petityu.com\/en\/wp-json\/wp\/v2\/product\/8707","targetHints":{"allow":["GET"]}}],"collection":[{"href":"https:\/\/petityu.com\/en\/wp-json\/wp\/v2\/product"}],"about":[{"href":"https:\/\/petityu.com\/en\/wp-json\/wp\/v2\/types\/product"}],"wp:featuredmedia":[{"embeddable":true,"href":"https:\/\/petityu.com\/en\/wp-json\/wp\/v2\/media\/8706"}],"wp:attachment":[{"href":"https:\/\/petityu.com\/en\/wp-json\/wp\/v2\/media?parent=8707"}],"wp:term":[{"taxonomy":"product_brand","embeddable":true,"href":"https:\/\/petityu.com\/en\/wp-json\/wp\/v2\/product_brand?post=8707"},{"taxonomy":"product_cat","embeddable":true,"href":"https:\/\/petityu.com\/en\/wp-json\/wp\/v2\/product_cat?post=8707"},{"taxonomy":"product_tag","embeddable":true,"href":"https:\/\/petityu.com\/en\/wp-json\/wp\/v2\/product_tag?post=8707"}],"curies":[{"name":"wp","href":"https:\/\/api.w.org\/{rel}","templated":true}]}}