{"id":8709,"date":"2025-08-12T00:32:03","date_gmt":"2025-08-11T21:32:03","guid":{"rendered":"https:\/\/petityu.com\/petityu-canta-seklinde-stitch-sirin-kalem-kutusu\/"},"modified":"2025-09-19T17:10:23","modified_gmt":"2025-09-19T14:10:23","slug":"petityu-canta-seklinde-stitch-sirin-kalem-kutusu","status":"publish","type":"product","link":"https:\/\/petityu.com\/en\/petityu-canta-seklinde-stitch-sirin-kalem-kutusu\/","title":{"rendered":"Petityu \u00c7anta \u015eeklinde Stitch \u015eirin Kalem Kutusu"},"content":{"rendered":"<p>Stitch \u00c7anta \u015eeklinde \u015eirin Kalem Kutu<\/p>","protected":false},"excerpt":{"rendered":"<p>Stitch \u00c7anta \u015eeklinde \u015eirin Kalem Kutu<\/p>","protected":false},"featured_media":8708,"template":"","meta":[],"product_brand":[],"product_cat":[980],"product_tag":[],"class_list":{"0":"post-8709","1":"product","2":"type-product","3":"status-publish","4":"has-post-thumbnail","6":"product_cat-kalem-kutusu-kizcocuk","8":"first","9":"instock","10":"taxable","11":"shipping-taxable","12":"purchasable","13":"product-type-simple"},"_links":{"self":[{"href":"https:\/\/petityu.com\/en\/wp-json\/wp\/v2\/product\/8709","targetHints":{"allow":["GET"]}}],"collection":[{"href":"https:\/\/petityu.com\/en\/wp-json\/wp\/v2\/product"}],"about":[{"href":"https:\/\/petityu.com\/en\/wp-json\/wp\/v2\/types\/product"}],"wp:featuredmedia":[{"embeddable":true,"href":"https:\/\/petityu.com\/en\/wp-json\/wp\/v2\/media\/8708"}],"wp:attachment":[{"href":"https:\/\/petityu.com\/en\/wp-json\/wp\/v2\/media?parent=8709"}],"wp:term":[{"taxonomy":"product_brand","embeddable":true,"href":"https:\/\/petityu.com\/en\/wp-json\/wp\/v2\/product_brand?post=8709"},{"taxonomy":"product_cat","embeddable":true,"href":"https:\/\/petityu.com\/en\/wp-json\/wp\/v2\/product_cat?post=8709"},{"taxonomy":"product_tag","embeddable":true,"href":"https:\/\/petityu.com\/en\/wp-json\/wp\/v2\/product_tag?post=8709"}],"curies":[{"name":"wp","href":"https:\/\/api.w.org\/{rel}","templated":true}]}}