{"id":8712,"date":"2025-08-19T14:42:29","date_gmt":"2025-08-19T11:42:29","guid":{"rendered":"https:\/\/petityu.com\/smiggle-stitch-beslenme-cantasi\/"},"modified":"2026-03-02T16:11:19","modified_gmt":"2026-03-02T13:11:19","slug":"smiggle-stitch-beslenme-cantasi","status":"publish","type":"product","link":"https:\/\/petityu.com\/en\/smiggle-stitch-beslenme-cantasi\/","title":{"rendered":"Smiggle Stitch Beslenme \u00c7antas\u0131"},"content":{"rendered":"<p>Smiggle Stitch Beslenme \u00c7antas\u0131<\/p>","protected":false},"excerpt":{"rendered":"<p>Smiggle Stitch Beslenme \u00c7antas\u0131<\/p>","protected":false},"featured_media":8711,"template":"","meta":[],"product_brand":[],"product_cat":[909],"product_tag":[],"class_list":{"0":"post-8712","1":"product","2":"type-product","3":"status-publish","4":"has-post-thumbnail","6":"product_cat-cantaa","8":"first","9":"outofstock","10":"taxable","11":"shipping-taxable","12":"purchasable","13":"product-type-simple"},"_links":{"self":[{"href":"https:\/\/petityu.com\/en\/wp-json\/wp\/v2\/product\/8712","targetHints":{"allow":["GET"]}}],"collection":[{"href":"https:\/\/petityu.com\/en\/wp-json\/wp\/v2\/product"}],"about":[{"href":"https:\/\/petityu.com\/en\/wp-json\/wp\/v2\/types\/product"}],"wp:featuredmedia":[{"embeddable":true,"href":"https:\/\/petityu.com\/en\/wp-json\/wp\/v2\/media\/8711"}],"wp:attachment":[{"href":"https:\/\/petityu.com\/en\/wp-json\/wp\/v2\/media?parent=8712"}],"wp:term":[{"taxonomy":"product_brand","embeddable":true,"href":"https:\/\/petityu.com\/en\/wp-json\/wp\/v2\/product_brand?post=8712"},{"taxonomy":"product_cat","embeddable":true,"href":"https:\/\/petityu.com\/en\/wp-json\/wp\/v2\/product_cat?post=8712"},{"taxonomy":"product_tag","embeddable":true,"href":"https:\/\/petityu.com\/en\/wp-json\/wp\/v2\/product_tag?post=8712"}],"curies":[{"name":"wp","href":"https:\/\/api.w.org\/{rel}","templated":true}]}}