{"id":8726,"date":"2025-08-21T00:07:50","date_gmt":"2025-08-20T21:07:50","guid":{"rendered":"https:\/\/petityu.com\/?post_type=product&#038;p=8726"},"modified":"2026-04-06T23:46:46","modified_gmt":"2026-04-06T20:46:46","slug":"smiggle-stitch-36-cm-anaokul-ve-ilkokul-asiri-sirin-canta-kapuson-detayli","status":"publish","type":"product","link":"https:\/\/petityu.com\/en\/smiggle-stitch-36-cm-anaokul-ve-ilkokul-asiri-sirin-canta-kapuson-detayli\/","title":{"rendered":"Smiggle Stitch 36 cm Anaokul Ve \u0130lkokul A\u015f\u0131r\u0131 \u015eirin \u00c7anta Kap\u00fc\u015fon Detayl\u0131"},"content":{"rendered":"<p><p>Smiggle Stitch A\u015f\u0131r\u0131 \u015eirin Kap\u00fc\u015fon Detayl\u0131 Anaokulu Ve \u0130lkokul \u00c7antas\u0131<\/p><br \/>\n<p>26 cm x 36 cm x 15 cm<\/p><\/p>","protected":false},"excerpt":{"rendered":"<p>Smiggle Stitch A\u015f\u0131r\u0131 \u015eirin Kap\u00fc\u015fon Detayl\u0131 Anaokulu Ve \u0130lkokul \u00c7antas\u0131 26 cm x 36 cm x 15 cm<\/p>","protected":false},"featured_media":8717,"template":"","meta":[],"product_brand":[],"product_cat":[909],"product_tag":[],"class_list":{"0":"post-8726","1":"product","2":"type-product","3":"status-publish","4":"has-post-thumbnail","6":"product_cat-cantaa","8":"first","9":"instock","10":"featured","11":"taxable","12":"shipping-taxable","13":"purchasable","14":"product-type-simple"},"_links":{"self":[{"href":"https:\/\/petityu.com\/en\/wp-json\/wp\/v2\/product\/8726","targetHints":{"allow":["GET"]}}],"collection":[{"href":"https:\/\/petityu.com\/en\/wp-json\/wp\/v2\/product"}],"about":[{"href":"https:\/\/petityu.com\/en\/wp-json\/wp\/v2\/types\/product"}],"wp:featuredmedia":[{"embeddable":true,"href":"https:\/\/petityu.com\/en\/wp-json\/wp\/v2\/media\/8717"}],"wp:attachment":[{"href":"https:\/\/petityu.com\/en\/wp-json\/wp\/v2\/media?parent=8726"}],"wp:term":[{"taxonomy":"product_brand","embeddable":true,"href":"https:\/\/petityu.com\/en\/wp-json\/wp\/v2\/product_brand?post=8726"},{"taxonomy":"product_cat","embeddable":true,"href":"https:\/\/petityu.com\/en\/wp-json\/wp\/v2\/product_cat?post=8726"},{"taxonomy":"product_tag","embeddable":true,"href":"https:\/\/petityu.com\/en\/wp-json\/wp\/v2\/product_tag?post=8726"}],"curies":[{"name":"wp","href":"https:\/\/api.w.org\/{rel}","templated":true}]}}