{"id":8733,"date":"2025-08-21T00:56:58","date_gmt":"2025-08-20T21:56:58","guid":{"rendered":"https:\/\/petityu.com\/petityu-smiggle-gold-futbol-toplu-siyah-cekcekli-okul-sirt-cantasi\/"},"modified":"2026-04-06T23:41:39","modified_gmt":"2026-04-06T20:41:39","slug":"petityu-smiggle-gold-futbol-toplu-siyah-cekcekli-okul-sirt-cantasi","status":"publish","type":"product","link":"https:\/\/petityu.com\/en\/petityu-smiggle-gold-futbol-toplu-siyah-cekcekli-okul-sirt-cantasi\/","title":{"rendered":"Petityu Smiggle Gold Futbol Toplu Siyah \u00c7ek\u00e7ekli Okul S\u0131rt \u00c7antas\u0131"},"content":{"rendered":"<p><p>Smiggle Gold Futbol Toplu \u00c7ek\u00e7ekli Okul S\u0131rt \u00c7antas\u0131<\/p><br \/>\n<p>I\u015f\u0131kl\u0131 Tekerlekler<\/p><br \/>\n<p>Uzat\u0131labilir Tutma K\u0131sm\u0131<\/p><br \/>\n<p>Yumu\u015fak Elde Ta\u015f\u0131ma Saplar\u0131<\/p><br \/>\n<p>15-inch Laptop S\u0131\u011fabilir<\/p><br \/>\n<p>H 60 cm x W 41.5 cm<\/p><br \/>\n<p>Sap A\u00e7\u0131ld\u0131\u011f\u0131nda H 77.5 cm<\/p><br \/>\n<p>Siyah<\/p><\/p>","protected":false},"excerpt":{"rendered":"<p>Smiggle Gold Futbol Toplu \u00c7ek\u00e7ekli Okul S\u0131rt \u00c7antas\u0131 I\u015f\u0131kl\u0131 Tekerlekler Uzat\u0131labilir Tutma K\u0131sm\u0131 Yumu\u015fak Elde Ta\u015f\u0131ma Saplar\u0131 15-inch Laptop S\u0131\u011fabilir H 60 cm x W&hellip;<\/p>","protected":false},"featured_media":8732,"template":"","meta":[],"product_brand":[],"product_cat":[998],"product_tag":[],"class_list":{"0":"post-8733","1":"product","2":"type-product","3":"status-publish","4":"has-post-thumbnail","6":"product_cat-canta","8":"first","9":"instock","10":"taxable","11":"shipping-taxable","12":"purchasable","13":"product-type-simple"},"_links":{"self":[{"href":"https:\/\/petityu.com\/en\/wp-json\/wp\/v2\/product\/8733","targetHints":{"allow":["GET"]}}],"collection":[{"href":"https:\/\/petityu.com\/en\/wp-json\/wp\/v2\/product"}],"about":[{"href":"https:\/\/petityu.com\/en\/wp-json\/wp\/v2\/types\/product"}],"wp:featuredmedia":[{"embeddable":true,"href":"https:\/\/petityu.com\/en\/wp-json\/wp\/v2\/media\/8732"}],"wp:attachment":[{"href":"https:\/\/petityu.com\/en\/wp-json\/wp\/v2\/media?parent=8733"}],"wp:term":[{"taxonomy":"product_brand","embeddable":true,"href":"https:\/\/petityu.com\/en\/wp-json\/wp\/v2\/product_brand?post=8733"},{"taxonomy":"product_cat","embeddable":true,"href":"https:\/\/petityu.com\/en\/wp-json\/wp\/v2\/product_cat?post=8733"},{"taxonomy":"product_tag","embeddable":true,"href":"https:\/\/petityu.com\/en\/wp-json\/wp\/v2\/product_tag?post=8733"}],"curies":[{"name":"wp","href":"https:\/\/api.w.org\/{rel}","templated":true}]}}