{"id":8752,"date":"2025-08-21T13:41:11","date_gmt":"2025-08-21T10:41:11","guid":{"rendered":"https:\/\/petityu.com\/?post_type=product&#038;p=8752"},"modified":"2026-04-06T23:46:34","modified_gmt":"2026-04-06T20:46:34","slug":"stitch-sirin-genis-kapasiteli-cift-fermuarli-kalem-kutusu","status":"publish","type":"product","link":"https:\/\/petityu.com\/en\/stitch-sirin-genis-kapasiteli-cift-fermuarli-kalem-kutusu\/","title":{"rendered":"Stitch \u015eirin Geni\u015f Kapasiteli \u00c7ift Fermuarl\u0131 Kalem Kutusu"},"content":{"rendered":"<p><p>Stitch Geni\u015f Kapasiteli \u015eirin \u00c7ift Fermuarl\u0131 Kalem Kutusu<\/p><\/p>","protected":false},"excerpt":{"rendered":"<p>Stitch Geni\u015f Kapasiteli \u015eirin \u00c7ift Fermuarl\u0131 Kalem Kutusu<\/p>","protected":false},"featured_media":8748,"template":"","meta":[],"product_brand":[],"product_cat":[980],"product_tag":[],"class_list":{"0":"post-8752","1":"product","2":"type-product","3":"status-publish","4":"has-post-thumbnail","6":"product_cat-kalem-kutusu-kizcocuk","8":"first","9":"instock","10":"taxable","11":"shipping-taxable","12":"purchasable","13":"product-type-simple"},"_links":{"self":[{"href":"https:\/\/petityu.com\/en\/wp-json\/wp\/v2\/product\/8752","targetHints":{"allow":["GET"]}}],"collection":[{"href":"https:\/\/petityu.com\/en\/wp-json\/wp\/v2\/product"}],"about":[{"href":"https:\/\/petityu.com\/en\/wp-json\/wp\/v2\/types\/product"}],"wp:featuredmedia":[{"embeddable":true,"href":"https:\/\/petityu.com\/en\/wp-json\/wp\/v2\/media\/8748"}],"wp:attachment":[{"href":"https:\/\/petityu.com\/en\/wp-json\/wp\/v2\/media?parent=8752"}],"wp:term":[{"taxonomy":"product_brand","embeddable":true,"href":"https:\/\/petityu.com\/en\/wp-json\/wp\/v2\/product_brand?post=8752"},{"taxonomy":"product_cat","embeddable":true,"href":"https:\/\/petityu.com\/en\/wp-json\/wp\/v2\/product_cat?post=8752"},{"taxonomy":"product_tag","embeddable":true,"href":"https:\/\/petityu.com\/en\/wp-json\/wp\/v2\/product_tag?post=8752"}],"curies":[{"name":"wp","href":"https:\/\/api.w.org\/{rel}","templated":true}]}}